{"id":1438,"date":"2018-05-29T11:11:20","date_gmt":"2018-05-29T11:11:20","guid":{"rendered":"https:\/\/greenoceancargo.com\/hakkimizda\/"},"modified":"2024-06-12T09:27:02","modified_gmt":"2024-06-12T09:27:02","slug":"hakkimizda","status":"publish","type":"page","link":"https:\/\/greenoceancargo.com\/tr\/hakkimizda\/","title":{"rendered":"Hakk\u0131m\u0131zda"},"content":{"rendered":"<div class=\"wpb-content-wrapper\"><p>[vc_row][vc_column]<div id=\"cz_82193\" class=\"cz_82193 cz_image clr cz_image_no_fx center_on_mobile\"><div class=\"\" ><div class=\"cz_image_in\"><div class=\"cz_main_image\"><img decoding=\"async\" width=\"1000\" height=\"316\" src=\"data:image\/svg+xml,%3Csvg%20xmlns%3D&#39;http%3A%2F%2Fwww.w3.org%2F2000%2Fsvg&#39;%20width=&#39;1000&#39;%20height=&#39;316&#39;%20viewBox%3D&#39;0%200%201000%20316&#39;%2F%3E\" data-czlz data-src=\"https:\/\/greenoceancargo.com\/wp-content\/uploads\/2019\/01\/ab.jpg\" class=\"attachment-full\" alt=\"\" title=\"ab\" data-srcset=\"https:\/\/greenoceancargo.com\/wp-content\/uploads\/2019\/01\/ab.jpg 1000w, https:\/\/greenoceancargo.com\/wp-content\/uploads\/2019\/01\/ab-600x190.jpg 600w, https:\/\/greenoceancargo.com\/wp-content\/uploads\/2019\/01\/ab-300x95.jpg 300w, https:\/\/greenoceancargo.com\/wp-content\/uploads\/2019\/01\/ab-768x243.jpg 768w\" data-sizes=\"(max-width: 1000px) 100vw, 1000px\" \/><\/div><\/div><\/div><\/div><div class=\"cz_gap clr \" style=\"height: 50px\"><\/div><div id=\"cz_42541\" class=\"cz_42541 cz_title clr cz_smart_fs cz_title_pos_inline tac\"><div class=\"cz_title_content\"><span class=\"cz_line_side_solo\">_<\/span><div class=\"cz_wpe_content\"><h3 style=\"text-align: center;\"><span style=\"font-size: 36px;\"><span style=\"color: #48877b;\">Lojisti\u011fimiz <\/span> Hakk\u0131nda<\/span><\/h3>\n<p style=\"text-align: center;\"><span style=\"font-size: 18px; color: #aaaaaa;\">Hakk\u0131m\u0131zda biraz<\/span><\/p>\n<\/div><span class=\"cz_line_side_solo cz_line_side_after\">_<\/span><\/div><\/div><div class=\"cz_gap clr \" style=\"height: 50px\"><\/div>[vc_row_inner][vc_column_inner width=&#8221;1\/2&#8243;]<div id=\"cz_44980\" class=\"cz_44980 cz_title clr cz_mobile_text_center cz_title_pos_inline\"><div class=\"cz_title_content\"><div class=\"cz_wpe_content\"><p>Green Ocean Freight forwarder \u201cta\u015f\u0131ma i\u015fleri organizat\u00f6r\u00fc\u2019\u2019 , BAE ve T\u00fcrkiye&#8217;de iki aktif ofisi bulunan ve t\u00fcm ta\u015f\u0131ma y\u00f6ntemlerini en h\u0131z\u0131l\u0131 ve g\u00fcvenilir bir \u015fekilde hizmet vermeye haz\u0131r bir forwarder \u015firketidir.<\/p>\n<\/div><\/div><\/div>[\/vc_column_inner][vc_column_inner width=&#8221;1\/2&#8243;]<ul id=\"cz_36494\" class=\"cz_36494 cz_stylish_list clr cz_sl_icon_hover_zoom_in\"><li class=\"clr\"><div class=\"cz_sl_icon\"><i class=\"fa czico-074-tick-inside-circle mr10\"><\/i><\/div><div><span>Deneyimli personellerden yararlanmam\u0131z<\/span><\/div><\/li><li class=\"clr\"><div class=\"cz_sl_icon\"><i class=\"fa czico-074-tick-inside-circle mr10\"><\/i><\/div><div><span>T\u00fcrkiye ve BAE'de ba\u011f\u0131ms\u0131z ofislerimizin bulunmas\u0131<\/span><\/div><\/li><li class=\"clr\"><div class=\"cz_sl_icon\"><i class=\"fa czico-074-tick-inside-circle mr10\"><\/i><\/div><div><span>\u00c7o\u011fu \u00fclkede deneyimli ve yetenekli temsilcilere sahip olmam\u0131z<\/span><\/div><\/li><li class=\"clr\"><div class=\"cz_sl_icon\"><i class=\"fa czico-074-tick-inside-circle mr10\"><\/i><\/div><div><span>G\u00fcncel i\u015fletme teknik bilgisi<\/span><\/div><\/li><li class=\"clr\"><div class=\"cz_sl_icon\"><i class=\"fa czico-074-tick-inside-circle mr10\"><\/i><\/div><div><span>Taahh\u00fctlere sad\u0131k kalmam\u0131z<\/span><\/div><\/li><\/ul>[\/vc_column_inner][\/vc_row_inner][\/vc_column][\/vc_row][vc_row][vc_column]<div class=\"cz_gap clr \" style=\"height: 100px\"><\/div>[vc_row_inner][vc_column_inner offset=&#8221;vc_col-md-3&#8243;]<div id=\"cz_101145\" data-disable-comma=\"\" data-duration=\"3000\" data-delay=\"0000\" class=\"cz_101145 cz_counter clr tac cz_2rows\"><div class=\"\"><span class=\"cz_counter_num_wrap\"><span class=\"cz_counter_num\">101<\/span><\/span><span class=\"cz_counter_after\">Uzman \u00dcyeler<\/span><\/div><\/div><div class=\"cz_gap clr \" style=\"height: 40px\"><\/div>[\/vc_column_inner][vc_column_inner offset=&#8221;vc_col-md-3&#8243;]<div id=\"cz_98743\" data-disable-comma=\"\" data-duration=\"3000\" data-delay=\"0000\" class=\"cz_98743 cz_counter clr tac cz_2rows\"><div class=\"\"><span class=\"cz_counter_num_wrap\"><span class=\"cz_counter_num\">20<\/span><\/span><span class=\"cz_counter_after\">Y\u0131llar\u0131n Deneyimi<\/span><\/div><\/div><div class=\"cz_gap clr \" style=\"height: 40px\"><\/div>[\/vc_column_inner][vc_column_inner offset=&#8221;vc_col-md-3&#8243;]<div id=\"cz_13518\" data-disable-comma=\"\" data-duration=\"3000\" data-delay=\"0000\" class=\"cz_13518 cz_counter clr tac cz_2rows\"><div class=\"\"><span class=\"cz_counter_num_wrap\"><span class=\"cz_counter_num\">91<\/span><i>k<\/i><\/span><span class=\"cz_counter_after\">Ta\u015f\u0131nan Kargo<\/span><\/div><\/div><div class=\"cz_gap clr \" style=\"height: 40px\"><\/div>[\/vc_column_inner][vc_column_inner offset=&#8221;vc_col-md-3&#8243;]<div id=\"cz_24282\" data-disable-comma=\"\" data-duration=\"3000\" data-delay=\"0000\" class=\"cz_24282 cz_counter clr tac cz_2rows\"><div class=\"\"><span class=\"cz_counter_num_wrap\"><span class=\"cz_counter_num\">8<\/span><i>k<\/i><\/span><span class=\"cz_counter_after\">Memnun m\u00fc\u015fteriler<\/span><\/div><\/div><div class=\"cz_gap clr \" style=\"height: 40px\"><\/div>[\/vc_column_inner][\/vc_row_inner]<div class=\"cz_gap clr \" style=\"height: 60px\"><\/div>[\/vc_column][\/vc_row][vc_row][vc_column][\/vc_column][\/vc_row]<\/p>\n<\/div>","protected":false},"excerpt":{"rendered":"<p>[vc_row][vc_column][vc_row_inner][vc_column_inner width=&#8221;1\/2&#8243;][\/vc_column_inner][vc_column_inner width=&#8221;1\/2&#8243;][\/vc_column_inner][\/vc_row_inner][\/vc_column][\/vc_row][vc_row][vc_column][vc_row_inner][vc_column_inner offset=&#8221;vc_col-md-3&#8243;][\/vc_column_inner][vc_column_inner offset=&#8221;vc_col-md-3&#8243;][\/vc_column_inner][vc_column_inner offset=&#8221;vc_col-md-3&#8243;][\/vc_column_inner][vc_column_inner offset=&#8221;vc_col-md-3&#8243;][\/vc_column_inner][\/vc_row_inner][\/vc_column][\/vc_row][vc_row][vc_column][\/vc_column][\/vc_row] &#8230; <\/p>\n","protected":false},"author":2,"featured_media":0,"parent":0,"menu_order":0,"comment_status":"closed","ping_status":"closed","template":"","meta":{"footnotes":""},"class_list":["post-1438","page","type-page","status-publish","hentry"],"_links":{"self":[{"href":"https:\/\/greenoceancargo.com\/tr\/wp-json\/wp\/v2\/pages\/1438","targetHints":{"allow":["GET"]}}],"collection":[{"href":"https:\/\/greenoceancargo.com\/tr\/wp-json\/wp\/v2\/pages"}],"about":[{"href":"https:\/\/greenoceancargo.com\/tr\/wp-json\/wp\/v2\/types\/page"}],"author":[{"embeddable":true,"href":"https:\/\/greenoceancargo.com\/tr\/wp-json\/wp\/v2\/users\/2"}],"replies":[{"embeddable":true,"href":"https:\/\/greenoceancargo.com\/tr\/wp-json\/wp\/v2\/comments?post=1438"}],"version-history":[{"count":4,"href":"https:\/\/greenoceancargo.com\/tr\/wp-json\/wp\/v2\/pages\/1438\/revisions"}],"predecessor-version":[{"id":1584,"href":"https:\/\/greenoceancargo.com\/tr\/wp-json\/wp\/v2\/pages\/1438\/revisions\/1584"}],"wp:attachment":[{"href":"https:\/\/greenoceancargo.com\/tr\/wp-json\/wp\/v2\/media?parent=1438"}],"curies":[{"name":"wp","href":"https:\/\/api.w.org\/{rel}","templated":true}]}}