{"id":1444,"date":"2018-05-29T11:14:04","date_gmt":"2018-05-29T11:14:04","guid":{"rendered":"https:\/\/greenoceancargo.com\/iletisim\/"},"modified":"2024-06-12T10:48:34","modified_gmt":"2024-06-12T10:48:34","slug":"iletisim","status":"publish","type":"page","link":"https:\/\/greenoceancargo.com\/tr\/iletisim\/","title":{"rendered":"\u0130leti\u015fim"},"content":{"rendered":"<div class=\"wpb-content-wrapper\"><p>[vc_row full_width=&#8221;stretch_row&#8221; css=&#8221;.vc_custom_1717076070739{padding-top: 80px !important;padding-bottom: 100px !important;background-color: rgba(0,172,106,0.2) !important;*background-color: rgb(0,172,106) !important;}&#8221;][vc_column offset=&#8221;vc_col-md-4&#8243;]<a href=\"tel:00905453260808\"><div id=\"cz_11732\" class=\"cz_11732 services clr style1 cz_sbi_fx_1 left\"><div class=\"service_custom\"><i class=\"fa czico-092-phone-call-1\"><\/i><\/div><div class=\"service_text\"><h3>T\u00fcrkiye<\/h3><div class=\"cz_wpe_content\">+90 (545) 326 08 08<\/p>\n<p>&nbsp;<\/div><\/div><\/div><\/a><a href=\"tel:00971563055259\"><div id=\"cz_20345\" class=\"cz_20345 services clr style1 cz_sbi_fx_1 left\"><div class=\"service_custom\"><i class=\"fa czico-092-phone-call-1\"><\/i><\/div><div class=\"service_text\"><h3>Dubai<\/h3><div class=\"cz_wpe_content\">+971 (56) 305 52 59<\/p>\n<p><span style=\"font-size: 18px; color: #666666;\"> <\/span><\/div><\/div><\/div><\/a>[\/vc_column][vc_column offset=&#8221;vc_col-md-4&#8243;]<a href=\"mailto:info@greenoceancargo.com\"><div id=\"cz_77292\" class=\"cz_77292 services clr style1 cz_sbi_fx_1 left\"><div class=\"service_custom\"><i class=\"fa czico-006-speech-bubble-with-text-lines\"><\/i><\/div><div class=\"service_text\"><h3>Bilgi:<\/h3><div class=\"cz_wpe_content\"><span style=\"font-size: 18px; color: #666666;\">info@GreenOceanCargo.com<\/span><\/div><\/div><\/div><\/a><a href=\"mailto:sales@greenoceancargo.com\"><div id=\"cz_63799\" class=\"cz_63799 services clr style1 cz_sbi_fx_1 left\"><div class=\"service_custom\"><i class=\"fa czico-006-speech-bubble-with-text-lines\"><\/i><\/div><div class=\"service_text\"><h3>Sat\u0131\u015f:<\/h3><div class=\"cz_wpe_content\"><span style=\"font-size: 18px; color: #666666;\">sales@GreenOceanCargo.com<\/span><\/div><\/div><\/div><\/a>[\/vc_column][vc_column offset=&#8221;vc_col-md-4&#8243;]<div id=\"cz_104304\" class=\"cz_104304 services clr style1 cz_sbi_fx_1 left\"><div class=\"service_custom\"><i class=\"fa czico-082-maps-and-flags\"><\/i><\/div><div class=\"service_text\"><h3>T\u00fcrkiye ofisi<\/h3><div class=\"cz_wpe_content\"><span style=\"font-size: 18px; color: #666666;\">Turkey , Mersin &#8211; Limonluk Mah.I. In\u00f6n\u00fc Biv. Ender i\u015f Mrk. No. 177 i\u00e7 kap\u0131 No.7<\/span><\/div><\/div><\/div><div id=\"cz_12550\" class=\"cz_12550 services clr style1 cz_sbi_fx_1 left\"><div class=\"service_custom\"><i class=\"fa czico-082-maps-and-flags\"><\/i><\/div><div class=\"service_text\"><h3>Dubai ofisi<\/h3><div class=\"cz_wpe_content\">No. 350 Dubai Financial Support Fund &#8211; Al Quoz Third \u2013Dubai , UAE<\/p>\n<p>&nbsp;<\/div><\/div><\/div>[\/vc_column][\/vc_row][vc_row full_width=&#8221;stretch_row&#8221; el_class=&#8221;z99&#8243;][vc_column offset=&#8221;vc_col-md-6&#8243;]<div class=\"cz_gap clr \" style=\"height: 65px\"><\/div><div id=\"cz_24458\" class=\"cz_24458 cz_title clr cz_mobile_text_center cz_title_pos_inline\"><div class=\"cz_title_content\"><span class=\"cz_line_side_solo\">_<\/span><div class=\"cz_wpe_content\"><h3><span style=\"font-size: 36px;\"><span style=\"color: #48877b;\">\u0130leti\u015fim\u00a0<\/span><\/span><\/h3>\n<p><span style=\"color: #aaaaaa; font-size: 18px;\">Bug\u00fcn bizimle ileti\u015fime ge\u00e7in!<\/span><\/p>\n<\/div><\/div><\/div><div class=\"cz_gap clr  hide_on_tablet hide_on_mobile\" style=\"height: 40px\"><\/div><div class=\"cz_gap show_on_tablet clr \" style=\"height: 0px\"><\/div><div id=\"cz_96249\" class=\"cz_96249 cz_social_icons cz_social clr cz_social_fx_10 tal cz_social_colored_bg_hover cz_tooltip cz_tooltip_up center_on_mobile\"><a href=\"#\" class=\"cz-facebook\" target=\"_blank\" rel=\"noopener noreferrer\" data-title=\"Facebook\" aria-label=\"Facebook\"><i class=\"fa fa-facebook\"><\/i><\/a><a href=\"#\" class=\"cz-pinterest-p\" target=\"_blank\" rel=\"noopener noreferrer\" data-title=\"Pinterest\" aria-label=\"Pinterest\"><i class=\"fa fa-pinterest-p\"><\/i><\/a><a href=\"#\" class=\"cz-twitter\" target=\"_blank\" rel=\"noopener noreferrer\" data-title=\"Twitter\" aria-label=\"Twitter\"><i class=\"fa fa-twitter\"><\/i><\/a><a href=\"#\" class=\"cz-linkedin\" target=\"_blank\" rel=\"noopener noreferrer\" data-title=\"Linkedin\" aria-label=\"Linkedin\"><i class=\"fa fa-linkedin\"><\/i><\/a><\/div>[\/vc_column][vc_column offset=&#8221;vc_col-md-6&#8243;]<div class=\"cz_eqh cz_content_box_parent_fx  z99\"><div id=\"cz_72605\" class=\"cz_72605 cz_content_box clr\"><div class=\"cz_box_front clr\"><div class=\"cz_box_front_inner clr \"><span><\/span><div><div id=\"cz_50853\" class=\"cz_50853 cz_cf7 clr\"><div>\n<div class=\"wpcf7 no-js\" id=\"wpcf7-f126-o1\" lang=\"en-US\" dir=\"ltr\">\n<div class=\"screen-reader-response\"><p role=\"status\" aria-live=\"polite\" aria-atomic=\"true\"><\/p> <ul><\/ul><\/div>\n<form action=\"\/tr\/wp-json\/wp\/v2\/pages\/1444#wpcf7-f126-o1\" method=\"post\" class=\"wpcf7-form init\" aria-label=\"Contact form\" novalidate=\"novalidate\" data-status=\"init\">\n<div style=\"display: none;\">\n<input type=\"hidden\" name=\"_wpcf7\" value=\"126\" \/>\n<input type=\"hidden\" name=\"_wpcf7_version\" value=\"5.9.5\" \/>\n<input type=\"hidden\" name=\"_wpcf7_locale\" value=\"en_US\" \/>\n<input type=\"hidden\" name=\"_wpcf7_unit_tag\" value=\"wpcf7-f126-o1\" \/>\n<input type=\"hidden\" name=\"_wpcf7_container_post\" value=\"0\" \/>\n<input type=\"hidden\" name=\"_wpcf7_posted_data_hash\" value=\"\" \/>\n<\/div>\n<p><span class=\"wpcf7-form-control-wrap\" data-name=\"your-name\"><input size=\"40\" class=\"wpcf7-form-control wpcf7-text wpcf7-validates-as-required\" aria-required=\"true\" aria-invalid=\"false\" placeholder=\"Your Name (*)\" value=\"\" type=\"text\" name=\"your-name\" \/><\/span>\n<\/p>\n<p><span class=\"wpcf7-form-control-wrap\" data-name=\"your-email\"><input size=\"40\" class=\"wpcf7-form-control wpcf7-email wpcf7-validates-as-required wpcf7-text wpcf7-validates-as-email\" aria-required=\"true\" aria-invalid=\"false\" placeholder=\"Your Email (*)\" value=\"\" type=\"email\" name=\"your-email\" \/><\/span>\n<\/p>\n<p><span class=\"wpcf7-form-control-wrap\" data-name=\"your-subject\"><input size=\"40\" class=\"wpcf7-form-control wpcf7-text wpcf7-validates-as-required\" aria-required=\"true\" aria-invalid=\"false\" placeholder=\"Subject\" value=\"\" type=\"text\" name=\"your-subject\" \/><\/span>\n<\/p>\n<p><span class=\"wpcf7-form-control-wrap\" data-name=\"menu-178\"><select class=\"wpcf7-form-control wpcf7-select wpcf7-validates-as-required\" aria-required=\"true\" aria-invalid=\"false\" name=\"menu-178\"><option value=\"Business\">Business<\/option><option value=\"Personal\">Personal<\/option><option value=\"Support\">Support<\/option><option value=\"Others\">Others<\/option><\/select><\/span>\n<\/p>\n<p><span class=\"wpcf7-form-control-wrap\" data-name=\"your-message\"><textarea cols=\"40\" rows=\"10\" class=\"wpcf7-form-control wpcf7-textarea\" aria-invalid=\"false\" placeholder=\"Your Message\" name=\"your-message\"><\/textarea><\/span>\n<\/p>\n<p><input class=\"wpcf7-form-control wpcf7-submit has-spinner\" type=\"submit\" value=\"Send Message\" \/>\n<\/p><div class=\"wpcf7-response-output\" aria-hidden=\"true\"><\/div>\n<\/form>\n<\/div>\n<\/div><\/div><\/div><\/div><\/div><\/div><\/div>[\/vc_column][\/vc_row][vc_row full_width=&#8221;stretch_row_content_no_spaces&#8221;][vc_column][vc_gmaps link=&#8221;#E-8_JTNDaWZyYW1lJTIwc3JjJTNEJTIyaHR0cHMlM0ElMkYlMkZ3d3cuZ29vZ2xlLmNvbSUyRm1hcHMlMkZlbWJlZCUzRnBiJTNEJTIxMW0xOCUyMTFtMTIlMjExbTMlMjExZDMxOTQuNzM2MTgyODIwMjY4NCUyMTJkMzQuNTg3MDIzNzc1Mzk1OTglMjEzZDM2LjgwMDg3NTI2NzY2MjI1NiUyMTJtMyUyMTFmMCUyMTJmMCUyMTNmMCUyMTNtMiUyMTFpMTAyNCUyMTJpNzY4JTIxNGYxMy4xJTIxM20zJTIxMW0yJTIxMXMweDE1MjdmMzdiZDVkYzcwOGIlMjUzQTB4MWZmN2Y3MmIxNzg3OWZhJTIxMnpUR2x0YjI1c2RXc3NJTVN3YzIxbGRDREVzRzdEdG03RHZDQkNiSFl1TENCWlpXNXB4WjlsYUdseUwwMWxjbk5wYml3Z1ZNTzhjbXRwZVdVJTIxNWUwJTIxM20yJTIxMXNlbiUyMTJzJTIxNHYxNzE3MDc2MjQxNTMzJTIxNW0yJTIxMXNlbiUyMTJzJTIyJTIwd2lkdGglM0QlMjI2MDAlMjIlMjBoZWlnaHQlM0QlMjI0NTAlMjIlMjBzdHlsZSUzRCUyMmJvcmRlciUzQTAlM0IlMjIlMjBhbGxvd2Z1bGxzY3JlZW4lM0QlMjIlMjIlMjBsb2FkaW5nJTNEJTIybGF6eSUyMiUyMHJlZmVycmVycG9saWN5JTNEJTIybm8tcmVmZXJyZXItd2hlbi1kb3duZ3JhZGUlMjIlM0UlM0MlMkZpZnJhbWUlM0U=&#8221; css=&#8221;&#8221;][\/vc_column][\/vc_row]<\/p>\n<\/div>","protected":false},"excerpt":{"rendered":"<p>[vc_row full_width=&#8221;stretch_row&#8221; css=&#8221;.vc_custom_1717076070739{padding-top: 80px !important;padding-bottom: 100px !important;background-color: rgba(0,172,106,0.2) !important;*background-color: rgb(0,172,106) !important;}&#8221;][vc_column &#8230; <\/p>\n","protected":false},"author":2,"featured_media":0,"parent":0,"menu_order":0,"comment_status":"closed","ping_status":"closed","template":"","meta":{"footnotes":""},"class_list":["post-1444","page","type-page","status-publish","hentry"],"_links":{"self":[{"href":"https:\/\/greenoceancargo.com\/tr\/wp-json\/wp\/v2\/pages\/1444","targetHints":{"allow":["GET"]}}],"collection":[{"href":"https:\/\/greenoceancargo.com\/tr\/wp-json\/wp\/v2\/pages"}],"about":[{"href":"https:\/\/greenoceancargo.com\/tr\/wp-json\/wp\/v2\/types\/page"}],"author":[{"embeddable":true,"href":"https:\/\/greenoceancargo.com\/tr\/wp-json\/wp\/v2\/users\/2"}],"replies":[{"embeddable":true,"href":"https:\/\/greenoceancargo.com\/tr\/wp-json\/wp\/v2\/comments?post=1444"}],"version-history":[{"count":4,"href":"https:\/\/greenoceancargo.com\/tr\/wp-json\/wp\/v2\/pages\/1444\/revisions"}],"predecessor-version":[{"id":1606,"href":"https:\/\/greenoceancargo.com\/tr\/wp-json\/wp\/v2\/pages\/1444\/revisions\/1606"}],"wp:attachment":[{"href":"https:\/\/greenoceancargo.com\/tr\/wp-json\/wp\/v2\/media?parent=1444"}],"curies":[{"name":"wp","href":"https:\/\/api.w.org\/{rel}","templated":true}]}}