{"id":1449,"date":"2024-05-30T14:50:58","date_gmt":"2024-05-30T14:50:58","guid":{"rendered":"https:\/\/greenoceancargo.com\/hizmet-bolgelerimiz\/"},"modified":"2024-06-01T15:58:11","modified_gmt":"2024-06-01T15:58:11","slug":"hizmet-bolgelerimiz","status":"publish","type":"page","link":"https:\/\/greenoceancargo.com\/tr\/hizmet-bolgelerimiz\/","title":{"rendered":"Hizmet b\u00f6lgelerimiz"},"content":{"rendered":"<div class=\"wpb-content-wrapper\"><p>[vc_row][vc_column][vc_column_text css=&#8221;&#8221;]<b>Hizmet b\u00f6lgelerimiz <\/b><b>( <\/b><b>Denizyolu<\/b><b>)<\/b><\/p>\n<table width=\"1126\">\n<tbody>\n<tr>\n<td width=\"186\"><strong><span style=\"color: #48877b;\">Avrupa<\/span><\/strong><\/td>\n<td width=\"222\"><strong><span style=\"color: #48877b;\">BALKANLAR<\/span><\/strong><\/td>\n<td width=\"119\"><span style=\"color: #48877b;\"><strong>BDT<\/strong><\/span><\/td>\n<td width=\"173\"><strong><span style=\"color: #48877b;\">ORTADO\u011eU<\/span><\/strong><\/td>\n<td width=\"168\"><span style=\"color: #48877b;\"><strong>Uzakdo\u011fu<\/strong><\/span><\/td>\n<td width=\"113\"><span style=\"color: #48877b;\"><strong>Afrika<\/strong><\/span><\/td>\n<td width=\"145\"><strong><span style=\"color: #48877b;\">Amerika<\/span><\/strong><\/td>\n<\/tr>\n<tr>\n<td width=\"186\">Almanya<\/td>\n<td width=\"222\">Yunanistan<\/td>\n<td width=\"119\">Rusya<\/td>\n<td width=\"173\">BAE<\/td>\n<td width=\"168\">\u00c7in<\/td>\n<td width=\"113\">Cezayir<\/td>\n<td width=\"145\">Kanada<\/td>\n<\/tr>\n<tr>\n<td width=\"186\">Avusturya<\/td>\n<td width=\"222\">Arnavutluk<\/td>\n<td width=\"119\"><\/td>\n<td width=\"173\">Pakistan<\/td>\n<td width=\"168\">Japonya<\/td>\n<td width=\"113\">Umman<\/td>\n<td width=\"145\">K\u00fcba<\/td>\n<\/tr>\n<tr>\n<td width=\"186\">Bel\u00e7ika<\/td>\n<td width=\"222\">Bosna Hersek<\/td>\n<td width=\"119\"><\/td>\n<td width=\"173\">\u00dcrd\u00fcn<\/td>\n<td width=\"168\">Tayland<\/td>\n<td width=\"113\">M\u0131s\u0131r<\/td>\n<td width=\"145\">ABD konteyner Liman\u0131<\/td>\n<\/tr>\n<tr>\n<td width=\"186\">Polonya<\/td>\n<td width=\"222\">Bulgaristan<\/td>\n<td width=\"119\"><\/td>\n<td width=\"173\">Kuveyt<\/td>\n<td width=\"168\">Endonezya<\/td>\n<td width=\"113\">Tunus<\/td>\n<td width=\"145\">\u015eili<\/td>\n<\/tr>\n<tr>\n<td width=\"186\">\u00c7ekya<\/td>\n<td width=\"222\">Karada\u011f<\/td>\n<td width=\"119\"><\/td>\n<td width=\"173\">katar<\/td>\n<td width=\"168\">G\u00fcney Kore<\/td>\n<td width=\"113\">Liberya<\/td>\n<td width=\"145\"><\/td>\n<\/tr>\n<tr>\n<td width=\"186\">Danimarka<\/td>\n<td width=\"222\">Kosova<\/td>\n<td width=\"119\"><\/td>\n<td width=\"173\"><\/td>\n<td width=\"168\">Filipinler<\/td>\n<td width=\"113\">G\u00fcney Afrika<\/td>\n<td width=\"145\"><\/td>\n<\/tr>\n<tr>\n<td width=\"186\">Fransa<\/td>\n<td width=\"222\">Makedonya<\/td>\n<td width=\"119\"><\/td>\n<td width=\"173\"><\/td>\n<td width=\"168\">Ta\u0131wan<\/td>\n<td width=\"113\">Fas<\/td>\n<td width=\"145\"><\/td>\n<\/tr>\n<tr>\n<td width=\"186\">Hollanda<\/td>\n<td width=\"222\">S\u0131rbistan<\/td>\n<td width=\"119\"><\/td>\n<td width=\"173\"><\/td>\n<td width=\"168\">Japonya<\/td>\n<td width=\"113\">Gine<\/td>\n<td width=\"145\"><\/td>\n<\/tr>\n<tr>\n<td width=\"186\">\u0130spanya<\/td>\n<td width=\"222\">H\u0131rvatistan<\/td>\n<td width=\"119\"><\/td>\n<td width=\"173\"><\/td>\n<td width=\"168\">Singapur<\/td>\n<td width=\"113\">Gana<\/td>\n<td width=\"145\"><\/td>\n<\/tr>\n<tr>\n<td width=\"186\">\u0130sve\u00e7<\/td>\n<td width=\"222\"><\/td>\n<td width=\"119\"><\/td>\n<td width=\"173\"><\/td>\n<td width=\"168\">Hindistan<\/td>\n<td width=\"113\">Fildi\u015fi<\/td>\n<td width=\"145\"><\/td>\n<\/tr>\n<tr>\n<td width=\"186\">\u0130talya<\/td>\n<td width=\"222\"><\/td>\n<td width=\"119\"><\/td>\n<td width=\"173\"><\/td>\n<td width=\"168\"><\/td>\n<td width=\"113\"><\/td>\n<td width=\"145\"><\/td>\n<\/tr>\n<tr>\n<td width=\"186\">L\u00fcksemburg<\/td>\n<td width=\"222\"><\/td>\n<td width=\"119\"><\/td>\n<td width=\"173\"><\/td>\n<td width=\"168\"><\/td>\n<td width=\"113\"><\/td>\n<td width=\"145\"><\/td>\n<\/tr>\n<tr>\n<td width=\"186\">Macaristan<\/td>\n<td width=\"222\"><\/td>\n<td width=\"119\"><\/td>\n<td width=\"173\"><\/td>\n<td width=\"168\"><\/td>\n<td width=\"113\"><\/td>\n<td width=\"145\"><\/td>\n<\/tr>\n<tr>\n<td width=\"186\">Portekiz<\/td>\n<td width=\"222\"><\/td>\n<td width=\"119\"><\/td>\n<td width=\"173\"><\/td>\n<td width=\"168\"><\/td>\n<td width=\"113\"><\/td>\n<td width=\"145\"><\/td>\n<\/tr>\n<tr>\n<td width=\"186\">\u0130ngiltere<\/td>\n<td width=\"222\"><\/td>\n<td width=\"119\"><\/td>\n<td width=\"173\"><\/td>\n<td width=\"168\"><\/td>\n<td width=\"113\"><\/td>\n<td width=\"145\"><\/td>\n<\/tr>\n<\/tbody>\n<\/table>\n<p>[\/vc_column_text][\/vc_column][\/vc_row][vc_row][vc_column][vc_empty_space][\/vc_column][\/vc_row][vc_row][vc_column][\/vc_column][\/vc_row][vc_row][vc_column][vc_column_text css=&#8221;&#8221;]<b>Hizmet b\u00f6lgelerimiz <\/b><b>( <\/b><b>karayolu<\/b><b>)<\/b><\/p>\n<table width=\"723\">\n<tbody>\n<tr>\n<td width=\"171\"><span style=\"color: #48877b;\"><strong>Avrupa<\/strong><\/span><\/td>\n<td width=\"181\"><span style=\"color: #48877b;\"><strong>BALKANLAR<\/strong><\/span><\/td>\n<td width=\"191\"><span style=\"color: #48877b;\"><strong>BDT<\/strong><\/span><\/td>\n<td width=\"181\"><span style=\"color: #48877b;\"><strong>ORTADO\u011eU<\/strong><\/span><\/td>\n<\/tr>\n<tr>\n<td width=\"171\">Almanya<\/td>\n<td width=\"181\">Yunanistan<\/td>\n<td width=\"191\">Azerbaycan<\/td>\n<td width=\"181\">Irak<\/td>\n<\/tr>\n<tr>\n<td width=\"171\">Avusturya<\/td>\n<td width=\"181\">Arnavutluk<\/td>\n<td width=\"191\">Belarus<\/td>\n<td width=\"181\">Suriye<\/td>\n<\/tr>\n<tr>\n<td width=\"171\">Bel\u00e7ika<\/td>\n<td width=\"181\">Bosna Hersek<\/td>\n<td width=\"191\">G\u00fcrcistan<\/td>\n<td width=\"181\">\u00dcrd\u00fcn<\/td>\n<\/tr>\n<tr>\n<td width=\"171\">Polonya<\/td>\n<td width=\"181\">Bulgaristan<\/td>\n<td width=\"191\">Ermenistan<\/td>\n<td width=\"181\">BAE<\/td>\n<\/tr>\n<tr>\n<td width=\"171\">\u00c7ekya<\/td>\n<td width=\"181\">Karada\u011f<\/td>\n<td width=\"191\">Kazakistan<\/td>\n<td width=\"181\">Afganistan<\/td>\n<\/tr>\n<tr>\n<td width=\"171\">Danimarka<\/td>\n<td width=\"181\">Kosova<\/td>\n<td width=\"191\">K\u0131rg\u0131zistan<\/td>\n<td width=\"181\">Pakistan<\/td>\n<\/tr>\n<tr>\n<td width=\"171\">Fransa<\/td>\n<td width=\"181\">Makedonya<\/td>\n<td width=\"191\">Mo\u011folistan<\/td>\n<td width=\"181\">Suudi Arabistan<\/td>\n<\/tr>\n<tr>\n<td width=\"171\">Hollanda<\/td>\n<td width=\"181\">S\u0131rbistan<\/td>\n<td width=\"191\">\u00d6zbekistan<\/td>\n<td width=\"181\"><\/td>\n<\/tr>\n<tr>\n<td width=\"171\">\u0130spanya<\/td>\n<td width=\"181\">H\u0131rvatistan<\/td>\n<td width=\"191\">Rusya<\/td>\n<td width=\"181\"><\/td>\n<\/tr>\n<tr>\n<td width=\"171\">\u0130sve\u00e7<\/td>\n<td width=\"181\"><\/td>\n<td width=\"191\">T\u00fcrkmenistan<\/td>\n<td width=\"181\"><\/td>\n<\/tr>\n<tr>\n<td width=\"171\">\u0130talya<\/td>\n<td width=\"181\"><\/td>\n<td width=\"191\">Taciksitan<\/td>\n<td width=\"181\"><\/td>\n<\/tr>\n<tr>\n<td width=\"171\">L\u00fcksemburg<\/td>\n<td width=\"181\"><\/td>\n<td width=\"191\"><\/td>\n<td width=\"181\"><\/td>\n<\/tr>\n<tr>\n<td width=\"171\">Macaristan<\/td>\n<td width=\"181\"><\/td>\n<td width=\"191\"><\/td>\n<td width=\"181\"><\/td>\n<\/tr>\n<tr>\n<td width=\"171\">Portekiz<\/td>\n<td width=\"181\"><\/td>\n<td width=\"191\"><\/td>\n<td width=\"181\"><\/td>\n<\/tr>\n<tr>\n<td width=\"171\">\u0130ngiltere<\/td>\n<td width=\"181\"><\/td>\n<td width=\"191\"><\/td>\n<td width=\"181\"><\/td>\n<\/tr>\n<\/tbody>\n<\/table>\n<p>[\/vc_column_text][\/vc_column][\/vc_row][vc_row][vc_column]<div class=\"cz_gap clr  hide_on_tablet hide_on_mobile\" style=\"height: 50px\"><\/div><div class=\"cz_gap show_on_tablet clr  show_only_tablet\" style=\"height: 30px\"><\/div><div class=\"cz_gap show_on_mobile clr\" style=\"height: 20px\"><\/div>[\/vc_column][\/vc_row][vc_row][vc_column][vc_column_text css=&#8221;&#8221;]<b>Hizmet b\u00f6lgelerimiz <\/b><b>( <\/b><b>Havayolu<\/b><b> ) <\/b><\/p>\n<table width=\"1200\">\n<tbody>\n<tr>\n<td width=\"198\"><span style=\"color: #48877b;\"><strong>Avrupa<\/strong><\/span><\/td>\n<td width=\"184\"><span style=\"color: #48877b;\"><strong>BALKANLAR<\/strong><\/span><\/td>\n<td width=\"178\"><span style=\"color: #48877b;\"><strong>BDT<\/strong><\/span><\/td>\n<td width=\"185\"><span style=\"color: #48877b;\"><strong>ORTADO\u011eU<\/strong><\/span><\/td>\n<td width=\"191\"><span style=\"color: #48877b;\"><strong>Uzakdo\u011fu<\/strong><\/span><\/td>\n<td width=\"125\"><span style=\"color: #48877b;\"><strong>Afrika<\/strong><\/span><\/td>\n<td width=\"139\"><span style=\"color: #48877b;\"><strong>Amerika<\/strong><\/span><\/td>\n<\/tr>\n<tr>\n<td width=\"198\">Almanya<\/td>\n<td width=\"184\">Yunanistan<\/td>\n<td width=\"178\">Azerbaycan<\/td>\n<td width=\"185\">BAE<\/td>\n<td width=\"191\">\u00c7in<\/td>\n<td width=\"125\">Cezayir<\/td>\n<td width=\"139\">Dominik<\/td>\n<\/tr>\n<tr>\n<td width=\"198\">Avusturya<\/td>\n<td width=\"184\">Arnavutluk<\/td>\n<td width=\"178\">Belarus<\/td>\n<td width=\"185\">Afganistan<\/td>\n<td width=\"191\">Japonya<\/td>\n<td width=\"125\">Umman<\/td>\n<td width=\"139\">Panama<\/td>\n<\/tr>\n<tr>\n<td width=\"198\">Bel\u00e7ika<\/td>\n<td width=\"184\">Bosna Hersek<\/td>\n<td width=\"178\">G\u00fcrcistan<\/td>\n<td width=\"185\">Pakistan<\/td>\n<td width=\"191\">Tayland<\/td>\n<td width=\"125\">M\u0131s\u0131r<\/td>\n<td width=\"139\">\u015eili<\/td>\n<\/tr>\n<tr>\n<td width=\"198\">Polonya<\/td>\n<td width=\"184\">Bulgaristan<\/td>\n<td width=\"178\">Ermenistan<\/td>\n<td width=\"185\">\u00dcrd\u00fcn<\/td>\n<td width=\"191\">Endonezya<\/td>\n<td width=\"125\">Tunus<\/td>\n<td width=\"139\">Kanada<\/td>\n<\/tr>\n<tr>\n<td width=\"198\">\u00c7ekya<\/td>\n<td width=\"184\">Karada\u011f<\/td>\n<td width=\"178\">Kazakistan<\/td>\n<td width=\"185\">Katar<\/td>\n<td width=\"191\">G\u00fcney Kore<\/td>\n<td width=\"125\">Liberya<\/td>\n<td width=\"139\"><\/td>\n<\/tr>\n<tr>\n<td width=\"198\">Danimarka<\/td>\n<td width=\"184\">Kosova<\/td>\n<td width=\"178\">K\u0131rg\u0131zistan<\/td>\n<td width=\"185\">Kuveyt<\/td>\n<td width=\"191\">Filipinler<\/td>\n<td width=\"125\">G\u00fcney Afrika<\/td>\n<td width=\"139\"><\/td>\n<\/tr>\n<tr>\n<td width=\"198\">Fransa<\/td>\n<td width=\"184\">Makedonya<\/td>\n<td width=\"178\">Mo\u011folistan<\/td>\n<td width=\"185\">L\u00fcbnan<\/td>\n<td width=\"191\">Ta\u0131wan<\/td>\n<td width=\"125\">Fas<\/td>\n<td width=\"139\"><\/td>\n<\/tr>\n<tr>\n<td width=\"198\">Hollanda<\/td>\n<td width=\"184\">S\u0131rbistan<\/td>\n<td width=\"178\">\u00d6zbekistan<\/td>\n<td width=\"185\">Suriye<\/td>\n<td width=\"191\">Japonya<\/td>\n<td width=\"125\">Gine<\/td>\n<td width=\"139\"><\/td>\n<\/tr>\n<tr>\n<td width=\"198\">\u0130spanya<\/td>\n<td width=\"184\">H\u0131rvatistan<\/td>\n<td width=\"178\">Rusya<\/td>\n<td width=\"185\"><\/td>\n<td width=\"191\">Singapur<\/td>\n<td width=\"125\">Gana<\/td>\n<td width=\"139\"><\/td>\n<\/tr>\n<tr>\n<td width=\"198\">\u0130sve\u00e7<\/td>\n<td width=\"184\"><\/td>\n<td width=\"178\">T\u00fcrkmenistan<\/td>\n<td width=\"185\"><\/td>\n<td width=\"191\">Hindistan<\/td>\n<td width=\"125\">Fildi\u015fi<\/td>\n<td width=\"139\"><\/td>\n<\/tr>\n<tr>\n<td width=\"198\">\u0130talya<\/td>\n<td width=\"184\"><\/td>\n<td width=\"178\">Taciksitan<\/td>\n<td width=\"185\"><\/td>\n<td width=\"191\"><\/td>\n<td width=\"125\"><\/td>\n<td width=\"139\"><\/td>\n<\/tr>\n<tr>\n<td width=\"198\">L\u00fcksemburg<\/td>\n<td width=\"184\"><\/td>\n<td width=\"178\"><\/td>\n<td width=\"185\"><\/td>\n<td width=\"191\"><\/td>\n<td width=\"125\"><\/td>\n<td width=\"139\"><\/td>\n<\/tr>\n<tr>\n<td width=\"198\">Macaristan<\/td>\n<td width=\"184\"><\/td>\n<td width=\"178\"><\/td>\n<td width=\"185\"><\/td>\n<td width=\"191\"><\/td>\n<td width=\"125\"><\/td>\n<td width=\"139\"><\/td>\n<\/tr>\n<tr>\n<td width=\"198\">Portekiz<\/td>\n<td width=\"184\"><\/td>\n<td width=\"178\"><\/td>\n<td width=\"185\"><\/td>\n<td width=\"191\"><\/td>\n<td width=\"125\"><\/td>\n<td width=\"139\"><\/td>\n<\/tr>\n<tr>\n<td width=\"198\">\u0130ngiltere<\/td>\n<td width=\"184\"><\/td>\n<td width=\"178\"><\/td>\n<td width=\"185\"><\/td>\n<td width=\"191\"><\/td>\n<td width=\"125\"><\/td>\n<td width=\"139\"><\/td>\n<\/tr>\n<\/tbody>\n<\/table>\n<p>[\/vc_column_text][\/vc_column][\/vc_row]<\/p>\n<\/div>","protected":false},"excerpt":{"rendered":"<p>[vc_row][vc_column][vc_column_text css=&#8221;&#8221;]Hizmet b\u00f6lgelerimiz ( Denizyolu) Avrupa BALKANLAR BDT ORTADO\u011eU Uzakdo\u011fu Afrika &#8230; <\/p>\n","protected":false},"author":2,"featured_media":0,"parent":0,"menu_order":0,"comment_status":"closed","ping_status":"closed","template":"","meta":{"footnotes":""},"class_list":["post-1449","page","type-page","status-publish","hentry"],"_links":{"self":[{"href":"https:\/\/greenoceancargo.com\/tr\/wp-json\/wp\/v2\/pages\/1449","targetHints":{"allow":["GET"]}}],"collection":[{"href":"https:\/\/greenoceancargo.com\/tr\/wp-json\/wp\/v2\/pages"}],"about":[{"href":"https:\/\/greenoceancargo.com\/tr\/wp-json\/wp\/v2\/types\/page"}],"author":[{"embeddable":true,"href":"https:\/\/greenoceancargo.com\/tr\/wp-json\/wp\/v2\/users\/2"}],"replies":[{"embeddable":true,"href":"https:\/\/greenoceancargo.com\/tr\/wp-json\/wp\/v2\/comments?post=1449"}],"version-history":[{"count":4,"href":"https:\/\/greenoceancargo.com\/tr\/wp-json\/wp\/v2\/pages\/1449\/revisions"}],"predecessor-version":[{"id":1511,"href":"https:\/\/greenoceancargo.com\/tr\/wp-json\/wp\/v2\/pages\/1449\/revisions\/1511"}],"wp:attachment":[{"href":"https:\/\/greenoceancargo.com\/tr\/wp-json\/wp\/v2\/media?parent=1449"}],"curies":[{"name":"wp","href":"https:\/\/api.w.org\/{rel}","templated":true}]}}