{"id":1450,"date":"2024-05-30T14:52:13","date_gmt":"2024-05-30T14:52:13","guid":{"rendered":"https:\/\/greenoceancargo.com\/denizyolu-tasimaciligi\/"},"modified":"2024-06-01T15:10:25","modified_gmt":"2024-06-01T15:10:25","slug":"denizyolu-tasimaciligi","status":"publish","type":"page","link":"https:\/\/greenoceancargo.com\/tr\/denizyolu-tasimaciligi\/","title":{"rendered":"Denizyolu Ta\u015f\u0131mac\u0131l\u0131\u011f\u0131"},"content":{"rendered":"<div class=\"wpb-content-wrapper\"><p>[vc_row][vc_column width=&#8221;1\/2&#8243;][vc_column_text css=&#8221;&#8221;]<\/p>\n<h2>Denizyolu Ta\u015f\u0131mac\u0131l\u0131\u011f\u0131 nedir?<\/h2>\n<p>Deniz ta\u015f\u0131mac\u0131l\u0131\u011f\u0131, bir \u00fcr\u00fcn\u00fcn bir noktadan ba\u015fka bir noktaya denizyolu ile ta\u015f\u0131nmas\u0131d\u0131r.<\/p>\n<p>D\u00fcnyada en s\u0131k tercih edilen lojistik y\u00f6ntemlerinden bir tanesi olan denizyolu ta\u015f\u0131mac\u0131l\u0131\u011f\u0131 ile \u00e7ok b\u00fcy\u00fck miktarlardaki mallar\u0131n ta\u015f\u0131nmas\u0131 m\u00fcmk\u00fcnd\u00fcr.<\/p>\n<p><b>Denizyolu<\/b> <b>Ta\u015f\u0131mac\u0131l\u0131k<\/b> <b>Hizmetlerimiz<\/b><b>:<\/b><\/p>\n<ul>\n<li>FCL ithalat ve ihracat konteyner ta\u015f\u0131mac\u0131l\u0131\u011f\u0131<\/li>\n<li>LCL ithalat ve ihracat konteyner ta\u015f\u0131mac\u0131l\u0131\u011f\u0131<\/li>\n<\/ul>\n<p>[\/vc_column_text][\/vc_column][vc_column width=&#8221;1\/2&#8243;][vc_media_grid css=&#8221;&#8221; grid_id=&#8221;vc_gid:1717250890150-342e9867-e707-2&#8243; include=&#8221;1473,1475,1477&#8243;][\/vc_column][\/vc_row]<\/p>\n<\/div>","protected":false},"excerpt":{"rendered":"<p>[vc_row][vc_column width=&#8221;1\/2&#8243;][vc_column_text css=&#8221;&#8221;] Denizyolu Ta\u015f\u0131mac\u0131l\u0131\u011f\u0131 nedir? Deniz ta\u015f\u0131mac\u0131l\u0131\u011f\u0131, bir \u00fcr\u00fcn\u00fcn bir &#8230; <\/p>\n","protected":false},"author":2,"featured_media":0,"parent":0,"menu_order":0,"comment_status":"closed","ping_status":"closed","template":"","meta":{"footnotes":""},"class_list":["post-1450","page","type-page","status-publish","hentry"],"_links":{"self":[{"href":"https:\/\/greenoceancargo.com\/tr\/wp-json\/wp\/v2\/pages\/1450","targetHints":{"allow":["GET"]}}],"collection":[{"href":"https:\/\/greenoceancargo.com\/tr\/wp-json\/wp\/v2\/pages"}],"about":[{"href":"https:\/\/greenoceancargo.com\/tr\/wp-json\/wp\/v2\/types\/page"}],"author":[{"embeddable":true,"href":"https:\/\/greenoceancargo.com\/tr\/wp-json\/wp\/v2\/users\/2"}],"replies":[{"embeddable":true,"href":"https:\/\/greenoceancargo.com\/tr\/wp-json\/wp\/v2\/comments?post=1450"}],"version-history":[{"count":1,"href":"https:\/\/greenoceancargo.com\/tr\/wp-json\/wp\/v2\/pages\/1450\/revisions"}],"predecessor-version":[{"id":1479,"href":"https:\/\/greenoceancargo.com\/tr\/wp-json\/wp\/v2\/pages\/1450\/revisions\/1479"}],"wp:attachment":[{"href":"https:\/\/greenoceancargo.com\/tr\/wp-json\/wp\/v2\/media?parent=1450"}],"curies":[{"name":"wp","href":"https:\/\/api.w.org\/{rel}","templated":true}]}}