{"id":1451,"date":"2024-05-30T14:52:45","date_gmt":"2024-05-30T14:52:45","guid":{"rendered":"https:\/\/greenoceancargo.com\/parsiyel-tasimacilik-lcl-sevkiyatlari\/"},"modified":"2024-06-01T15:36:52","modified_gmt":"2024-06-01T15:36:52","slug":"parsiyel-tasimacilik-lcl-sevkiyatlari","status":"publish","type":"page","link":"https:\/\/greenoceancargo.com\/tr\/parsiyel-tasimacilik-lcl-sevkiyatlari\/","title":{"rendered":"Parsiyel Ta\u015f\u0131mac\u0131l\u0131k (LCL) Sevkiyatlar\u0131"},"content":{"rendered":"<div class=\"wpb-content-wrapper\"><p>[vc_row][vc_column][vc_column_text][\/vc_column_text][\/vc_column][\/vc_row][vc_row][vc_column width=&#8221;1\/2&#8243;][vc_column_text css=&#8221;&#8221;]Konteyner ta\u015f\u0131mac\u0131l\u0131\u011f\u0131 y\u00fck\u00fcn hacmine g\u00f6re iki b\u00f6l\u00fcmden olu\u015fur:<\/p>\n<p><img decoding=\"async\" class=\"alignnone size-medium wp-image-1491\" src=\"data:image\/svg+xml,%3Csvg%20xmlns%3D&#39;http%3A%2F%2Fwww.w3.org%2F2000%2Fsvg&#39;%20width=&#39;300&#39;%20height=&#39;154&#39;%20viewBox%3D&#39;0%200%20300%20154&#39;%2F%3E\" data-czlz data-src=\"https:\/\/greenoceancargo.com\/wp-content\/uploads\/2024\/06\/FCL-vs-LCL-300x154.png\" alt=\"\" width=\"300\" height=\"154\" data-srcset=\"https:\/\/greenoceancargo.com\/wp-content\/uploads\/2024\/06\/FCL-vs-LCL-300x154.png 300w, https:\/\/greenoceancargo.com\/wp-content\/uploads\/2024\/06\/FCL-vs-LCL-600x309.png 600w, https:\/\/greenoceancargo.com\/wp-content\/uploads\/2024\/06\/FCL-vs-LCL.png 700w\" data-sizes=\"(max-width: 300px) 100vw, 300px\" \/><\/p>\n<ul>\n<li>FCL Y\u00f6ntemi\u00a0\u00a0\u00a0\u00a0\u00a0\u00a0 (Full Container Load)<\/li>\n<li>LCL Y\u00f6ntemi\u00a0\u00a0\u00a0\u00a0\u00a0\u00a0 (Less than a container load)<\/li>\n<\/ul>\n<p>[\/vc_column_text][\/vc_column][vc_column width=&#8221;1\/2&#8243;][vc_media_grid css=&#8221;&#8221; grid_id=&#8221;vc_gid:1717251985093-3b7c9a88-8d99-2&#8243; include=&#8221;1481,1483,1485&#8243;][\/vc_column][\/vc_row][vc_row][vc_column][vc_column_text css=&#8221;&#8221;]Uluslararas\u0131 ticaret alan\u0131nda ta\u015f\u0131ma i\u015flemlerinin b\u00fcy\u00fck bir \u00e7o\u011funlu\u011fu denizyolu ile ger\u00e7ekle\u015ftiriliyor.<\/p>\n<p>Bununla birlikte denizyolu ta\u015f\u0131mac\u0131l\u0131\u011f\u0131n\u0131n da en \u00f6nemli alan\u0131n\u0131 konteyner ta\u015f\u0131mac\u0131l\u0131\u011f\u0131 olu\u015fturuyor. Uzu bir s\u00fcredir uluslararas\u0131 ta\u015f\u0131mac\u0131l\u0131k alan\u0131nda kullan\u0131lan konteyner ta\u015f\u0131mac\u0131l\u0131\u011f\u0131nda ciddi oranda bir standardizasyon ger\u00e7ekle\u015ftirilmi\u015ftir. Bu \u015fekilde hem \u00fcr\u00fcnler daha b\u00fcy\u00fck bir h\u0131zla hem de g\u00fcvenli \u015fekilde ta\u015f\u0131nabiliyor. Bu bak\u0131mdan<\/p>\n<p>FCL &amp; LCL kavramlar\u0131 da b\u00fcy\u00fck bir \u00f6nem kazan\u0131yor.<\/p>\n<p>\u0130ki kavram zaman zaman kar\u0131\u015ft\u0131r\u0131lsa da lojistik ve ta\u015f\u0131mac\u0131l\u0131k alanlar\u0131nda son derece \u00f6nemlidir. Birbirinden de olduk\u00e7a farkl\u0131 kavramlar oldu\u011fu s\u00f6ylenebilir.[\/vc_column_text][\/vc_column][\/vc_row][vc_row][vc_column width=&#8221;1\/2&#8243;][vc_column_text css=&#8221;&#8221;]<\/p>\n<h2>FCL nedir?<\/h2>\n<p>FCL (Full Container Load), 20\u2019lik ya da 40\u2019l\u0131k standart konteynerleri dolduracak kadar y\u00fck\u00fc olan g\u00f6nderiler i\u00e7in<br \/>\ntercih edilen bir sistem. FCL y\u00fcklemede konteyner i\u00e7inde bulunan y\u00fck tek bir ki\u015fiye ya da firmaya aittir.<br \/>\nBu y\u00fckleme \u015fekli genelde b\u00fcy\u00fck ve y\u00fcksek hacimli<br \/>\ng\u00f6nderiler i\u00e7in tercih edilir. E\u011fer bu tarz bir y\u00fckleme \u015feklini tercih ediyorsan\u0131z mutlaka kiralanan konteynerin tamam\u0131n\u0131 kullanmak maliyet a\u00e7\u0131s\u0131ndan avantaj[\/vc_column_text][\/vc_column][vc_column width=&#8221;1\/2&#8243;][vc_column_text css=&#8221;&#8221;]<\/p>\n<h2><b>LCL\u00a0 <\/b><b>nedir<\/b><b>?\u00a0 <\/b><\/h2>\n<p>LCL ( Less Than a Container Load ) T\u00fcrk\u00e7eye \u00e7evrildi\u011finde Parsiyel Konteyner Y\u00fck\u00fc anlam\u0131na gelir. LCL bir konteyner i\u00e7erisinde yer alan y\u00fcklerin birden fazla y\u00fck sahibine ya da al\u0131c\u0131ya ait oldu\u011funu belirten bir kavramd\u0131r.<\/p>\n<p>Genellikle y\u00fck sahibinden gelen y\u00fckler e\u011fer konteyner i\u00e7ini doldurmam\u0131\u015f ise LCL y\u00fckleme y\u00f6ntemine ba\u015fvurulur. Standart konteynerlerin tek bir y\u00fck ile doldurulamamas\u0131 durumunda gelen di\u011fer y\u00fcklerin de ayn\u0131 konteyner i\u00e7inde ta\u015f\u0131nd\u0131\u011f\u0131 ta\u015f\u0131ma \u015feklidir.<\/p>\n<p>Bu y\u00f6ntemin tercih edilmesi y\u00fcklerin daha uygun fiyatlarla ta\u015f\u0131nmas\u0131n\u0131 sa\u011flar. Ayn\u0131 zamanda y\u00fcklerin komple konteyneri doldurmas\u0131 beklenmez.[\/vc_column_text][\/vc_column][\/vc_row]<\/p>\n<\/div>","protected":false},"excerpt":{"rendered":"<p>[vc_row][vc_column][vc_column_text][\/vc_column_text][\/vc_column][\/vc_row][vc_row][vc_column width=&#8221;1\/2&#8243;][vc_column_text css=&#8221;&#8221;]Konteyner ta\u015f\u0131mac\u0131l\u0131\u011f\u0131 y\u00fck\u00fcn hacmine g\u00f6re iki b\u00f6l\u00fcmden olu\u015fur: FCL &#8230; <\/p>\n","protected":false},"author":2,"featured_media":0,"parent":0,"menu_order":0,"comment_status":"closed","ping_status":"closed","template":"","meta":{"footnotes":""},"class_list":["post-1451","page","type-page","status-publish","hentry"],"_links":{"self":[{"href":"https:\/\/greenoceancargo.com\/tr\/wp-json\/wp\/v2\/pages\/1451","targetHints":{"allow":["GET"]}}],"collection":[{"href":"https:\/\/greenoceancargo.com\/tr\/wp-json\/wp\/v2\/pages"}],"about":[{"href":"https:\/\/greenoceancargo.com\/tr\/wp-json\/wp\/v2\/types\/page"}],"author":[{"embeddable":true,"href":"https:\/\/greenoceancargo.com\/tr\/wp-json\/wp\/v2\/users\/2"}],"replies":[{"embeddable":true,"href":"https:\/\/greenoceancargo.com\/tr\/wp-json\/wp\/v2\/comments?post=1451"}],"version-history":[{"count":6,"href":"https:\/\/greenoceancargo.com\/tr\/wp-json\/wp\/v2\/pages\/1451\/revisions"}],"predecessor-version":[{"id":1497,"href":"https:\/\/greenoceancargo.com\/tr\/wp-json\/wp\/v2\/pages\/1451\/revisions\/1497"}],"wp:attachment":[{"href":"https:\/\/greenoceancargo.com\/tr\/wp-json\/wp\/v2\/media?parent=1451"}],"curies":[{"name":"wp","href":"https:\/\/api.w.org\/{rel}","templated":true}]}}