{"id":1452,"date":"2024-05-30T14:53:13","date_gmt":"2024-05-30T14:53:13","guid":{"rendered":"https:\/\/greenoceancargo.com\/karayolu-tasimaciligi\/"},"modified":"2024-06-01T15:49:23","modified_gmt":"2024-06-01T15:49:23","slug":"karayolu-tasimaciligi","status":"publish","type":"page","link":"https:\/\/greenoceancargo.com\/tr\/karayolu-tasimaciligi\/","title":{"rendered":"karayolu Ta\u015f\u0131mac\u0131l\u0131\u011f\u0131"},"content":{"rendered":"<div class=\"wpb-content-wrapper\"><p>[vc_row][vc_column width=&#8221;1\/2&#8243;][vc_column_text css=&#8221;&#8221;]\u201cKarayolu ta\u015f\u0131mac\u0131l\u0131\u011f\u0131\u201d terimi, mallar\u0131n caddeler ve otoyollar \u00fczerindeki hareketini tan\u0131mlar. \u00d6zellikle k\u0131sa ve orta mesafeli yolculuklar i\u00e7in yayg\u0131n olarak kullan\u0131lan bir ula\u015f\u0131m t\u00fcr\u00fcd\u00fcr. \u0130nsanlar\u0131 ve mallar\u0131 uzun mesafelere ta\u015f\u0131mak i\u00e7in, karayolu ta\u015f\u0131mac\u0131l\u0131\u011f\u0131 s\u0131kl\u0131kla demiryolu ve havayolu gibi di\u011fer ula\u015f\u0131m ara\u00e7lar\u0131yla birle\u015ftirilir. Arabalar, otob\u00fcsler, kamyonlar ve motosikletler dahil olmak \u00fczere \u00e7e\u015fitli ara\u00e7lar kullan\u0131larak yap\u0131labilir. Karayolu ta\u015f\u0131mac\u0131l\u0131\u011f\u0131, insanlar\u0131 ve i\u015fletmeleri hem yurti\u00e7i hem de uluslararas\u0131 olarak birbirine ba\u011flad\u0131\u011f\u0131ndan, bir\u00e7ok \u00fclkenin ula\u015f\u0131m sistemlerinin \u00e7ok \u00f6nemli bir bile\u015fenidir.[\/vc_column_text][\/vc_column][vc_column width=&#8221;1\/2&#8243;][vc_media_grid css=&#8221;&#8221; grid_id=&#8221;vc_gid:1717253196639-27cfae2c-5c68-4&#8243; include=&#8221;1500,1502,1504&#8243;][\/vc_column][\/vc_row][vc_row][vc_column][vc_column_text css=&#8221;&#8221;]<b>Hizmet b\u00f6lgelerimiz <\/b><b>( <\/b><b>karayolu<\/b><b>)<\/b><\/p>\n<table width=\"723\">\n<tbody>\n<tr>\n<td width=\"171\"><span style=\"color: #48877b;\"><strong>Avrupa<\/strong><\/span><\/td>\n<td width=\"181\"><span style=\"color: #48877b;\"><strong>BALKANLAR<\/strong><\/span><\/td>\n<td width=\"191\"><span style=\"color: #48877b;\"><strong>BDT<\/strong><\/span><\/td>\n<td width=\"181\"><span style=\"color: #48877b;\"><strong>ORTADO\u011eU<\/strong><\/span><\/td>\n<\/tr>\n<tr>\n<td width=\"171\">Almanya<\/td>\n<td width=\"181\">Yunanistan<\/td>\n<td width=\"191\">Azerbaycan<\/td>\n<td width=\"181\">Irak<\/td>\n<\/tr>\n<tr>\n<td width=\"171\">Avusturya<\/td>\n<td width=\"181\">Arnavutluk<\/td>\n<td width=\"191\">Belarus<\/td>\n<td width=\"181\">Suriye<\/td>\n<\/tr>\n<tr>\n<td width=\"171\">Bel\u00e7ika<\/td>\n<td width=\"181\">Bosna Hersek<\/td>\n<td width=\"191\">G\u00fcrcistan<\/td>\n<td width=\"181\">\u00dcrd\u00fcn<\/td>\n<\/tr>\n<tr>\n<td width=\"171\">Polonya<\/td>\n<td width=\"181\">Bulgaristan<\/td>\n<td width=\"191\">Ermenistan<\/td>\n<td width=\"181\">BAE<\/td>\n<\/tr>\n<tr>\n<td width=\"171\">\u00c7ekya<\/td>\n<td width=\"181\">Karada\u011f<\/td>\n<td width=\"191\">Kazakistan<\/td>\n<td width=\"181\">Afganistan<\/td>\n<\/tr>\n<tr>\n<td width=\"171\">Danimarka<\/td>\n<td width=\"181\">Kosova<\/td>\n<td width=\"191\">K\u0131rg\u0131zistan<\/td>\n<td width=\"181\">Pakistan<\/td>\n<\/tr>\n<tr>\n<td width=\"171\">Fransa<\/td>\n<td width=\"181\">Makedonya<\/td>\n<td width=\"191\">Mo\u011folistan<\/td>\n<td width=\"181\">Suudi Arabistan<\/td>\n<\/tr>\n<tr>\n<td width=\"171\">Hollanda<\/td>\n<td width=\"181\">S\u0131rbistan<\/td>\n<td width=\"191\">\u00d6zbekistan<\/td>\n<td width=\"181\"><\/td>\n<\/tr>\n<tr>\n<td width=\"171\">\u0130spanya<\/td>\n<td width=\"181\">H\u0131rvatistan<\/td>\n<td width=\"191\">Rusya<\/td>\n<td width=\"181\"><\/td>\n<\/tr>\n<tr>\n<td width=\"171\">\u0130sve\u00e7<\/td>\n<td width=\"181\"><\/td>\n<td width=\"191\">T\u00fcrkmenistan<\/td>\n<td width=\"181\"><\/td>\n<\/tr>\n<tr>\n<td width=\"171\">\u0130talya<\/td>\n<td width=\"181\"><\/td>\n<td width=\"191\">Taciksitan<\/td>\n<td width=\"181\"><\/td>\n<\/tr>\n<tr>\n<td width=\"171\">L\u00fcksemburg<\/td>\n<td width=\"181\"><\/td>\n<td width=\"191\"><\/td>\n<td width=\"181\"><\/td>\n<\/tr>\n<tr>\n<td width=\"171\">Macaristan<\/td>\n<td width=\"181\"><\/td>\n<td width=\"191\"><\/td>\n<td width=\"181\"><\/td>\n<\/tr>\n<tr>\n<td width=\"171\">Portekiz<\/td>\n<td width=\"181\"><\/td>\n<td width=\"191\"><\/td>\n<td width=\"181\"><\/td>\n<\/tr>\n<tr>\n<td width=\"171\">\u0130ngiltere<\/td>\n<td width=\"181\"><\/td>\n<td width=\"191\"><\/td>\n<td width=\"181\"><\/td>\n<\/tr>\n<\/tbody>\n<\/table>\n<p>[\/vc_column_text][\/vc_column][\/vc_row]<\/p>\n<\/div>","protected":false},"excerpt":{"rendered":"<p>[vc_row][vc_column width=&#8221;1\/2&#8243;][vc_column_text css=&#8221;&#8221;]\u201cKarayolu ta\u015f\u0131mac\u0131l\u0131\u011f\u0131\u201d terimi, mallar\u0131n caddeler ve otoyollar \u00fczerindeki hareketini &#8230; <\/p>\n","protected":false},"author":2,"featured_media":0,"parent":0,"menu_order":0,"comment_status":"closed","ping_status":"closed","template":"","meta":{"footnotes":""},"class_list":["post-1452","page","type-page","status-publish","hentry"],"_links":{"self":[{"href":"https:\/\/greenoceancargo.com\/tr\/wp-json\/wp\/v2\/pages\/1452","targetHints":{"allow":["GET"]}}],"collection":[{"href":"https:\/\/greenoceancargo.com\/tr\/wp-json\/wp\/v2\/pages"}],"about":[{"href":"https:\/\/greenoceancargo.com\/tr\/wp-json\/wp\/v2\/types\/page"}],"author":[{"embeddable":true,"href":"https:\/\/greenoceancargo.com\/tr\/wp-json\/wp\/v2\/users\/2"}],"replies":[{"embeddable":true,"href":"https:\/\/greenoceancargo.com\/tr\/wp-json\/wp\/v2\/comments?post=1452"}],"version-history":[{"count":2,"href":"https:\/\/greenoceancargo.com\/tr\/wp-json\/wp\/v2\/pages\/1452\/revisions"}],"predecessor-version":[{"id":1507,"href":"https:\/\/greenoceancargo.com\/tr\/wp-json\/wp\/v2\/pages\/1452\/revisions\/1507"}],"wp:attachment":[{"href":"https:\/\/greenoceancargo.com\/tr\/wp-json\/wp\/v2\/media?parent=1452"}],"curies":[{"name":"wp","href":"https:\/\/api.w.org\/{rel}","templated":true}]}}