{"id":1453,"date":"2024-05-30T14:53:36","date_gmt":"2024-05-30T14:53:36","guid":{"rendered":"https:\/\/greenoceancargo.com\/havayolu-tasimaciligi\/"},"modified":"2024-06-01T16:09:51","modified_gmt":"2024-06-01T16:09:51","slug":"havayolu-tasimaciligi","status":"publish","type":"page","link":"https:\/\/greenoceancargo.com\/tr\/havayolu-tasimaciligi\/","title":{"rendered":"Havayolu Ta\u015f\u0131mac\u0131l\u0131\u011f\u0131"},"content":{"rendered":"<div class=\"wpb-content-wrapper\"><p>[vc_row][vc_column width=&#8221;1\/2&#8243;][vc_column_text css=&#8221;&#8221;]<b>H<\/b><b>avayolu<\/b><b> T<\/b><b>a\u015f\u0131mac\u0131l\u0131\u011f\u0131<\/b><\/p>\n<p>Havayolu ta\u015f\u0131mac\u0131l\u0131\u011f\u0131, genel olarak \u00fcr\u00fcnlerin u\u00e7aklar kullan\u0131larak bir noktadan di\u011ferine ta\u015f\u0131nmas\u0131 s\u00fcrecini ifade eder. Bu ta\u015f\u0131ma y\u00f6ntemi, karayolu ve demiryolu ta\u015f\u0131mac\u0131l\u0131klar\u0131na k\u0131yasla belirgin avantajlar var.<\/p>\n<p>H\u0131zl\u0131 i\u015flem s\u00fcresi, istenilen noktaya h\u0131zl\u0131 ula\u015f\u0131m ve g\u00fcvenilirlik, havayolu ta\u015f\u0131mac\u0131l\u0131\u011f\u0131n\u0131 tercih edilen bir lojistik se\u00e7ene\u011fi haline getirir.[\/vc_column_text][\/vc_column][vc_column width=&#8221;1\/2&#8243;][vc_media_grid css=&#8221;&#8221; grid_id=&#8221;vc_gid:1717254287418-b96a4d42-7f9f-5&#8243; include=&#8221;1514,1516,1518&#8243;][\/vc_column][\/vc_row][vc_row][vc_column][vc_column_text css=&#8221;&#8221;]<b>Havayolu<\/b> <b>Ta\u015f\u0131mac\u0131l\u0131\u011f\u0131<\/b> <b>Avantajlar\u0131<\/b> <b>:<\/b><\/p>\n<ul>\n<li><b>H\u0131zl\u0131<\/b> <b>Teslimat<\/b>: Di\u011fer ta\u015f\u0131ma y\u00f6ntemlerine g\u00f6re \u00e7ok daha h\u0131zl\u0131 bir i\u015flem s\u00fcresi sunar, bu da \u00fcr\u00fcnlerin acil ihtiya\u00e7lar\u0131 kar\u015f\u0131lamada \u00f6nemli bir rol oynar.<\/li>\n<li><b>G\u00fcvenilirlik<\/b>: Havayolu \u015firketleri, modern g\u00fcvenlik standartlar\u0131na uygun olarak \u00e7al\u0131\u015ft\u0131klar\u0131 i\u00e7in \u00fcr\u00fcnlerin g\u00fcvenli bir \u015fekilde ta\u015f\u0131nmas\u0131 sa\u011flan\u0131r.<\/li>\n<li><b>\u00c7e\u015fitli<\/b> <b>Y\u00fck<\/b> <b>Ta\u015f\u0131ma<\/b> <b>Se\u00e7enekleri<\/b>: Havayolu ta\u015f\u0131mac\u0131l\u0131\u011f\u0131, her t\u00fcrl\u00fc y\u00fck\u00fc ta\u015f\u0131yabilme esnekli\u011fi sunar. Proje ta\u015f\u0131mac\u0131l\u0131\u011f\u0131ndan tehlikeli madde ta\u015f\u0131mac\u0131l\u0131\u011f\u0131na kadar geni\u015f bir yelpazede hizmet sunar.<\/li>\n<li><b>Geni\u015f<\/b> <b>Hizmet<\/b> <b>Alan\u0131<\/b>: Havayolu ta\u015f\u0131mac\u0131l\u0131\u011f\u0131, d\u00fcnyan\u0131n her noktas\u0131na hizmet g\u00f6t\u00fcrebilme kabiliyetiyle k\u00fcresel \u00e7apta etkili bir lojistik a\u011f\u0131 olu\u015fturur.<\/li>\n<\/ul>\n<p>[\/vc_column_text][\/vc_column][\/vc_row][vc_row][vc_column][vc_column_text css=&#8221;&#8221;]<b>Hizmet b\u00f6lgelerimiz <\/b><b>( <\/b><b>Havayolu<\/b><b> ) <\/b><\/p>\n<table width=\"1200\">\n<tbody>\n<tr>\n<td width=\"198\"><span style=\"color: #48877b;\"><strong>Avrupa<\/strong><\/span><\/td>\n<td width=\"184\"><span style=\"color: #48877b;\"><strong>BALKANLAR<\/strong><\/span><\/td>\n<td width=\"178\"><span style=\"color: #48877b;\"><strong>BDT<\/strong><\/span><\/td>\n<td width=\"185\"><span style=\"color: #48877b;\"><strong>ORTADO\u011eU<\/strong><\/span><\/td>\n<td width=\"191\"><span style=\"color: #48877b;\"><strong>Uzakdo\u011fu<\/strong><\/span><\/td>\n<td width=\"125\"><span style=\"color: #48877b;\"><strong>Afrika<\/strong><\/span><\/td>\n<td width=\"139\"><span style=\"color: #48877b;\"><strong>Amerika<\/strong><\/span><\/td>\n<\/tr>\n<tr>\n<td width=\"198\">Almanya<\/td>\n<td width=\"184\">Yunanistan<\/td>\n<td width=\"178\">Azerbaycan<\/td>\n<td width=\"185\">BAE<\/td>\n<td width=\"191\">\u00c7in<\/td>\n<td width=\"125\">Cezayir<\/td>\n<td width=\"139\">Dominik<\/td>\n<\/tr>\n<tr>\n<td width=\"198\">Avusturya<\/td>\n<td width=\"184\">Arnavutluk<\/td>\n<td width=\"178\">Belarus<\/td>\n<td width=\"185\">Afganistan<\/td>\n<td width=\"191\">Japonya<\/td>\n<td width=\"125\">Umman<\/td>\n<td width=\"139\">Panama<\/td>\n<\/tr>\n<tr>\n<td width=\"198\">Bel\u00e7ika<\/td>\n<td width=\"184\">Bosna Hersek<\/td>\n<td width=\"178\">G\u00fcrcistan<\/td>\n<td width=\"185\">Pakistan<\/td>\n<td width=\"191\">Tayland<\/td>\n<td width=\"125\">M\u0131s\u0131r<\/td>\n<td width=\"139\">\u015eili<\/td>\n<\/tr>\n<tr>\n<td width=\"198\">Polonya<\/td>\n<td width=\"184\">Bulgaristan<\/td>\n<td width=\"178\">Ermenistan<\/td>\n<td width=\"185\">\u00dcrd\u00fcn<\/td>\n<td width=\"191\">Endonezya<\/td>\n<td width=\"125\">Tunus<\/td>\n<td width=\"139\">Kanada<\/td>\n<\/tr>\n<tr>\n<td width=\"198\">\u00c7ekya<\/td>\n<td width=\"184\">Karada\u011f<\/td>\n<td width=\"178\">Kazakistan<\/td>\n<td width=\"185\">Katar<\/td>\n<td width=\"191\">G\u00fcney Kore<\/td>\n<td width=\"125\">Liberya<\/td>\n<td width=\"139\"><\/td>\n<\/tr>\n<tr>\n<td width=\"198\">Danimarka<\/td>\n<td width=\"184\">Kosova<\/td>\n<td width=\"178\">K\u0131rg\u0131zistan<\/td>\n<td width=\"185\">Kuveyt<\/td>\n<td width=\"191\">Filipinler<\/td>\n<td width=\"125\">G\u00fcney Afrika<\/td>\n<td width=\"139\"><\/td>\n<\/tr>\n<tr>\n<td width=\"198\">Fransa<\/td>\n<td width=\"184\">Makedonya<\/td>\n<td width=\"178\">Mo\u011folistan<\/td>\n<td width=\"185\">L\u00fcbnan<\/td>\n<td width=\"191\">Ta\u0131wan<\/td>\n<td width=\"125\">Fas<\/td>\n<td width=\"139\"><\/td>\n<\/tr>\n<tr>\n<td width=\"198\">Hollanda<\/td>\n<td width=\"184\">S\u0131rbistan<\/td>\n<td width=\"178\">\u00d6zbekistan<\/td>\n<td width=\"185\">Suriye<\/td>\n<td width=\"191\">Japonya<\/td>\n<td width=\"125\">Gine<\/td>\n<td width=\"139\"><\/td>\n<\/tr>\n<tr>\n<td width=\"198\">\u0130spanya<\/td>\n<td width=\"184\">H\u0131rvatistan<\/td>\n<td width=\"178\">Rusya<\/td>\n<td width=\"185\"><\/td>\n<td width=\"191\">Singapur<\/td>\n<td width=\"125\">Gana<\/td>\n<td width=\"139\"><\/td>\n<\/tr>\n<tr>\n<td width=\"198\">\u0130sve\u00e7<\/td>\n<td width=\"184\"><\/td>\n<td width=\"178\">T\u00fcrkmenistan<\/td>\n<td width=\"185\"><\/td>\n<td width=\"191\">Hindistan<\/td>\n<td width=\"125\">Fildi\u015fi<\/td>\n<td width=\"139\"><\/td>\n<\/tr>\n<tr>\n<td width=\"198\">\u0130talya<\/td>\n<td width=\"184\"><\/td>\n<td width=\"178\">Taciksitan<\/td>\n<td width=\"185\"><\/td>\n<td width=\"191\"><\/td>\n<td width=\"125\"><\/td>\n<td width=\"139\"><\/td>\n<\/tr>\n<tr>\n<td width=\"198\">L\u00fcksemburg<\/td>\n<td width=\"184\"><\/td>\n<td width=\"178\"><\/td>\n<td width=\"185\"><\/td>\n<td width=\"191\"><\/td>\n<td width=\"125\"><\/td>\n<td width=\"139\"><\/td>\n<\/tr>\n<tr>\n<td width=\"198\">Macaristan<\/td>\n<td width=\"184\"><\/td>\n<td width=\"178\"><\/td>\n<td width=\"185\"><\/td>\n<td width=\"191\"><\/td>\n<td width=\"125\"><\/td>\n<td width=\"139\"><\/td>\n<\/tr>\n<tr>\n<td width=\"198\">Portekiz<\/td>\n<td width=\"184\"><\/td>\n<td width=\"178\"><\/td>\n<td width=\"185\"><\/td>\n<td width=\"191\"><\/td>\n<td width=\"125\"><\/td>\n<td width=\"139\"><\/td>\n<\/tr>\n<tr>\n<td width=\"198\">\u0130ngiltere<\/td>\n<td width=\"184\"><\/td>\n<td width=\"178\"><\/td>\n<td width=\"185\"><\/td>\n<td width=\"191\"><\/td>\n<td width=\"125\"><\/td>\n<td width=\"139\"><\/td>\n<\/tr>\n<\/tbody>\n<\/table>\n<p>[\/vc_column_text][\/vc_column][\/vc_row]<\/p>\n<\/div>","protected":false},"excerpt":{"rendered":"<p>[vc_row][vc_column width=&#8221;1\/2&#8243;][vc_column_text css=&#8221;&#8221;]Havayolu Ta\u015f\u0131mac\u0131l\u0131\u011f\u0131 Havayolu ta\u015f\u0131mac\u0131l\u0131\u011f\u0131, genel olarak \u00fcr\u00fcnlerin u\u00e7aklar kullan\u0131larak &#8230; <\/p>\n","protected":false},"author":2,"featured_media":0,"parent":0,"menu_order":0,"comment_status":"closed","ping_status":"closed","template":"","meta":{"footnotes":""},"class_list":["post-1453","page","type-page","status-publish","hentry"],"_links":{"self":[{"href":"https:\/\/greenoceancargo.com\/tr\/wp-json\/wp\/v2\/pages\/1453","targetHints":{"allow":["GET"]}}],"collection":[{"href":"https:\/\/greenoceancargo.com\/tr\/wp-json\/wp\/v2\/pages"}],"about":[{"href":"https:\/\/greenoceancargo.com\/tr\/wp-json\/wp\/v2\/types\/page"}],"author":[{"embeddable":true,"href":"https:\/\/greenoceancargo.com\/tr\/wp-json\/wp\/v2\/users\/2"}],"replies":[{"embeddable":true,"href":"https:\/\/greenoceancargo.com\/tr\/wp-json\/wp\/v2\/comments?post=1453"}],"version-history":[{"count":3,"href":"https:\/\/greenoceancargo.com\/tr\/wp-json\/wp\/v2\/pages\/1453\/revisions"}],"predecessor-version":[{"id":1521,"href":"https:\/\/greenoceancargo.com\/tr\/wp-json\/wp\/v2\/pages\/1453\/revisions\/1521"}],"wp:attachment":[{"href":"https:\/\/greenoceancargo.com\/tr\/wp-json\/wp\/v2\/media?parent=1453"}],"curies":[{"name":"wp","href":"https:\/\/api.w.org\/{rel}","templated":true}]}}