{"id":1454,"date":"2024-05-30T14:54:06","date_gmt":"2024-05-30T14:54:06","guid":{"rendered":"https:\/\/greenoceancargo.com\/proje-ve-agir-yuk-tasimaciligi\/"},"modified":"2024-06-12T09:52:19","modified_gmt":"2024-06-12T09:52:19","slug":"proje-ve-agir-yuk-tasimaciligi","status":"publish","type":"page","link":"https:\/\/greenoceancargo.com\/tr\/proje-ve-agir-yuk-tasimaciligi\/","title":{"rendered":"Proje ve a\u011f\u0131r y\u00fck ta\u015f\u0131mac\u0131l\u0131\u011f\u0131"},"content":{"rendered":"<div class=\"wpb-content-wrapper\"><p>[vc_row][vc_column width=&#8221;1\/2&#8243;][vc_column_text css=&#8221;&#8221;]<strong>A\u011f\u0131r Y\u00fck ve Proje Ta\u015f\u0131mac\u0131l\u0131\u011f\u0131 Nedir?<\/strong><\/p>\n<p>A\u011f\u0131r y\u00fck ve proje ta\u015f\u0131mac\u0131l\u0131\u011f\u0131 birbirlerine ba\u011flant\u0131l\u0131 kavramlard\u0131r.<\/p>\n<p><b>A\u011f\u0131r<\/b> <b>y\u00fck<\/b> <b>ta\u015f\u0131mac\u0131l\u0131\u011f\u0131<\/b> , teknik anlamda t\u0131r veya kamyon arac\u0131l\u0131\u011f\u0131 ile ta\u015f\u0131namayacak olan y\u00fcklerin ta\u015f\u0131nmas\u0131 anlam\u0131na gelir. Yurti\u00e7i ve yurtd\u0131\u015f\u0131 olarak yap\u0131labilir.<\/p>\n<p><b>Proje<\/b> <b>ta\u015f\u0131mac\u0131l\u0131\u011f\u0131<\/b>, belirli bir proje i\u00e7in gerekli olan y\u00fck\u00fcn belirlenen proje alan\u0131na ta\u015f\u0131nma gereken bir ta\u015f\u0131mac\u0131l\u0131k kavram\u0131d\u0131r. Proje ta\u015f\u0131mac\u0131l\u0131\u011f\u0131nda zaman kavram\u0131 \u00e7ok \u00f6nemlidir. Proje i\u00e7in gerekli olan malzemelerin belirlenen tarih ve saatte, belirlenen b\u00f6lgeye mutlak teslim edilmesi gerekir.<\/p>\n<p>\u00d6rnek olarak :<\/p>\n<p>Enerji Santrali, Buhar Trib\u00fcnleri , Gaz Trib\u00fcnleri , Is\u0131 kazan\u0131 , kondansat\u00f6r , transformat\u00f6r, Bas\u0131n\u00e7 ve tank ara\u00e7lar\u0131 , Kurutucu , Baca , demir ve \u00e7elik f\u0131r\u0131nlar , \u00c7elik kafes konstr\u00fcksiyonlar, Jenerat\u00f6r, K\u00f6pr\u00fc kiri\u015fleri , Boru hatlar\u0131 , R\u00fczgar trib\u00fcnleri , Tekneler , yelkenliler , \u0130n\u015faat , i\u015f makineleri, D\u00f6k\u00fcm \u00fcnitesi , Gemi motoru , Vin\u00e7 Malzemesi , Tekerlekli ve normal vin\u00e7ler, ta\u015f\u0131n\u0131r.[\/vc_column_text][\/vc_column][vc_column width=&#8221;1\/2&#8243;][vc_media_grid css=&#8221;&#8221; grid_id=&#8221;vc_gid:1718182169875-e7be435b-af43-8&#8243; include=&#8221;1591,1593,1595&#8243;][\/vc_column][\/vc_row]<\/p>\n<\/div>","protected":false},"excerpt":{"rendered":"<p>[vc_row][vc_column width=&#8221;1\/2&#8243;][vc_column_text css=&#8221;&#8221;]A\u011f\u0131r Y\u00fck ve Proje Ta\u015f\u0131mac\u0131l\u0131\u011f\u0131 Nedir? A\u011f\u0131r y\u00fck ve &#8230; <\/p>\n","protected":false},"author":2,"featured_media":0,"parent":0,"menu_order":0,"comment_status":"closed","ping_status":"closed","template":"","meta":{"footnotes":""},"class_list":["post-1454","page","type-page","status-publish","hentry"],"_links":{"self":[{"href":"https:\/\/greenoceancargo.com\/tr\/wp-json\/wp\/v2\/pages\/1454","targetHints":{"allow":["GET"]}}],"collection":[{"href":"https:\/\/greenoceancargo.com\/tr\/wp-json\/wp\/v2\/pages"}],"about":[{"href":"https:\/\/greenoceancargo.com\/tr\/wp-json\/wp\/v2\/types\/page"}],"author":[{"embeddable":true,"href":"https:\/\/greenoceancargo.com\/tr\/wp-json\/wp\/v2\/users\/2"}],"replies":[{"embeddable":true,"href":"https:\/\/greenoceancargo.com\/tr\/wp-json\/wp\/v2\/comments?post=1454"}],"version-history":[{"count":2,"href":"https:\/\/greenoceancargo.com\/tr\/wp-json\/wp\/v2\/pages\/1454\/revisions"}],"predecessor-version":[{"id":1597,"href":"https:\/\/greenoceancargo.com\/tr\/wp-json\/wp\/v2\/pages\/1454\/revisions\/1597"}],"wp:attachment":[{"href":"https:\/\/greenoceancargo.com\/tr\/wp-json\/wp\/v2\/media?parent=1454"}],"curies":[{"name":"wp","href":"https:\/\/api.w.org\/{rel}","templated":true}]}}