{"id":1457,"date":"2018-05-29T11:12:41","date_gmt":"2018-05-29T11:12:41","guid":{"rendered":"https:\/\/greenoceancargo.com\/hizmetler\/"},"modified":"2024-06-12T09:56:50","modified_gmt":"2024-06-12T09:56:50","slug":"hizmetler","status":"publish","type":"page","link":"https:\/\/greenoceancargo.com\/tr\/hizmetler\/","title":{"rendered":"Hizmetler"},"content":{"rendered":"<div class=\"wpb-content-wrapper\"><p>[vc_row][vc_column width=&#8221;1\/6&#8243;][\/vc_column][vc_column width=&#8221;2\/3&#8243;]<div class=\"cz_gap clr  hide_on_mobile\" style=\"height: 40px\"><\/div><div class=\"cz_gap show_on_mobile clr\" style=\"height: 0px\"><\/div><div id=\"cz_103675\" class=\"cz_103675 cz_title clr cz_smart_fs cz_mobile_text_center cz_title_pos_inline tac\"><div class=\"cz_title_content\"><span class=\"cz_line_side_solo\">_<\/span><div class=\"cz_wpe_content\"><h3 style=\"text-align: center;\"><span style=\"font-size: 32px;\"><span style=\"color: #48877b;\">Ula\u015f\u0131m <\/span> Hizmetlerimiz<\/span><\/h3>\n<p style=\"text-align: center;\"><span style=\"font-size: 18px; color: #666666;\">Sizin ve \u015firketiniz i\u00e7in ne yapabiliriz?<\/span><\/p>\n<\/div><span class=\"cz_line_side_solo cz_line_side_after\">_<\/span><\/div><\/div><div class=\"cz_gap clr  hide_on_mobile\" style=\"height: 100px\"><\/div><div class=\"cz_gap show_on_mobile clr\" style=\"height: 75px\"><\/div>[\/vc_column][vc_column width=&#8221;1\/6&#8243;][\/vc_column][\/vc_row][vc_row][vc_column offset=&#8221;vc_col-md-4&#8243;]<div class=\"cz_gap clr \" style=\"height: 30px\"><\/div><a class=\"cz_content_box_link\" href=\"https:\/\/greenoceancargo.com\/tr\/denizyolu-tasimaciligi\/\"><div class=\"cz_eqh cz_content_box_parent_fx  \"><div class=\"fx_zoom_0_hover\"><div id=\"cz_29006\" class=\"cz_29006 cz_content_box clr cz_split_box_top\"><div class=\"cz_split_box\"><img decoding=\"async\" src=\"data:image\/svg+xml,%3Csvg%20xmlns%3D&#39;http%3A%2F%2Fwww.w3.org%2F2000%2Fsvg&#39;%20width=&#39;_w_&#39;%20height=&#39;_h_&#39;%20viewBox%3D&#39;0%200%20_w_%20_h_&#39;%2F%3E\" data-czlz data-src=\"https:\/\/greenoceancargo.com\/wp-content\/uploads\/2018\/07\/p7.jpg\" alt=\"#\" \/><\/div><div class=\"cz_box_front clr\"><div class=\"cz_box_front_inner clr \"><span><\/span><div><div id=\"cz_87038\" class=\"cz_87038 cz_title clr cz_title_pos_inline tac\"><div class=\"cz_title_content\"><div class=\"cz_wpe_content\"><h3 style=\"text-align: center;\"><span style=\"font-size: 30px;\"><span style=\"color: #48877b;\">01.<\/span> Denizyolu Ta\u015f\u0131mac\u0131l\u0131\u011f\u0131<\/span><\/h3>\n<\/div><\/div><\/div><div class=\"cz_gap clr \" style=\"height: 30px\"><\/div>[vc_column_text css=&#8221;&#8221;]<\/p>\n<p style=\"text-align: center;\"><span style=\"color: #666666;\">Denizyolu ta\u015f\u0131mac\u0131l\u0131\u011f\u0131, d\u00fcnya ticaretin vazge\u00e7ilmez bir par\u00e7as\u0131d\u0131r ve d\u00fcnyan\u0131n d\u0131\u015f ticaret hacminin b\u00fcy\u00fck bir k\u0131sm\u0131n\u0131 olu\u015fturur. Denizyolu ta\u015f\u0131mac\u0131l\u0131\u011f\u0131, bir\u00e7ok sekt\u00f6r i\u00e7in stratejik bir ta\u015f\u0131ma \u00e7\u00f6z\u00fcm\u00fcd\u00fcr.<br \/>\nGreen ocean, bu ihtiyaca cevap verebilmek ad\u0131na deniz yolu ta\u015f\u0131mac\u0131l\u0131\u011f\u0131nda da yararl\u0131 \u00e7\u00f6z\u00fcmler \u00fcretiyor.<\/span>[\/vc_column_text]<\/div><\/div><\/div><\/div><\/div><\/div><\/a>[\/vc_column][vc_column offset=&#8221;vc_col-md-4&#8243;]<div class=\"cz_gap clr \" style=\"height: 30px\"><\/div><a class=\"cz_content_box_link\" href=\"https:\/\/greenoceancargo.com\/tr\/parsiyel-tasimacilik-lcl-sevkiyatlari\/\"><div class=\"cz_eqh cz_content_box_parent_fx  \"><div class=\"fx_zoom_0_hover\"><div id=\"cz_36341\" class=\"cz_36341 cz_content_box clr cz_split_box_top\"><div class=\"cz_split_box\"><img decoding=\"async\" src=\"data:image\/svg+xml,%3Csvg%20xmlns%3D&#39;http%3A%2F%2Fwww.w3.org%2F2000%2Fsvg&#39;%20width=&#39;_w_&#39;%20height=&#39;_h_&#39;%20viewBox%3D&#39;0%200%20_w_%20_h_&#39;%2F%3E\" data-czlz data-src=\"https:\/\/greenoceancargo.com\/wp-content\/plugins\/codevz-plus\/assets\/img\/p.svg\" alt=\"#\" \/><\/div><div class=\"cz_box_front clr\"><div class=\"cz_box_front_inner clr \"><span><\/span><div><div id=\"cz_33456\" class=\"cz_33456 cz_title clr cz_smart_fs cz_title_pos_inline tac\"><div class=\"cz_title_content\"><div class=\"cz_wpe_content\"><h3 style=\"text-align: center;\"><span style=\"font-size: 30px;\"><span style=\"color: #48877b;\">02.<\/span> Parsiyel Ta\u015f\u0131mac\u0131l\u0131k (LCL) Sevkiyatlar\u0131<\/span><\/h3>\n<\/div><\/div><\/div><div class=\"cz_gap clr \" style=\"height: 30px\"><\/div>[vc_column_text css=&#8221;&#8221;]<\/p>\n<p style=\"text-align: center;\">y\u00fck\u00fcn\u00fcz bir konteynerin tamam\u0131n\u0131 dolduramayacak kadar k\u00fc\u00e7\u00fck m\u00fc?<\/p>\n<p style=\"text-align: center;\">LCL nakliye, di\u011fer kargolarla birle\u015ftirilmi\u015f bir konteyneri payla\u015fman\u0131za izin verir .<\/p>\n<p style=\"text-align: center;\"><span style=\"color: #666666;\">\u00a0<\/span><\/p>\n<p>[\/vc_column_text]<\/div><\/div><\/div><\/div><\/div><\/div><\/a>[\/vc_column][vc_column offset=&#8221;vc_col-md-4&#8243;]<div class=\"cz_gap clr \" style=\"height: 30px\"><\/div><a class=\"cz_content_box_link\" href=\"https:\/\/greenoceancargo.com\/tr\/karayolu-tasimaciligi\/\" target=\"_blank\"><div class=\"cz_eqh cz_content_box_parent_fx  \"><div class=\"fx_zoom_0_hover\"><div id=\"cz_100813\" class=\"cz_100813 cz_content_box clr cz_split_box_top\"><div class=\"cz_split_box\"><img decoding=\"async\" src=\"data:image\/svg+xml,%3Csvg%20xmlns%3D&#39;http%3A%2F%2Fwww.w3.org%2F2000%2Fsvg&#39;%20width=&#39;_w_&#39;%20height=&#39;_h_&#39;%20viewBox%3D&#39;0%200%20_w_%20_h_&#39;%2F%3E\" data-czlz data-src=\"https:\/\/greenoceancargo.com\/wp-content\/plugins\/codevz-plus\/assets\/img\/p.svg\" alt=\"#\" \/><\/div><div class=\"cz_box_front clr\"><div class=\"cz_box_front_inner clr \"><span><\/span><div><div id=\"cz_89137\" class=\"cz_89137 cz_title clr cz_smart_fs cz_title_pos_inline tac\"><div class=\"cz_title_content\"><div class=\"cz_wpe_content\"><h3 style=\"text-align: center;\"><span style=\"font-size: 30px;\"><span style=\"color: #48877b;\">03.<\/span> Karayolu Ta\u015f\u0131mac\u0131l\u0131\u011f\u0131<\/span><\/h3>\n<\/div><\/div><\/div><div class=\"cz_gap clr \" style=\"height: 30px\"><\/div>[vc_column_text css=&#8221;&#8221;]<\/p>\n<p style=\"text-align: center;\">Avrupa , Balkanlar , BDT ve Ortado\u011fu&#8217;nun her b\u00f6lgesinde g\u00fcvenilir ve h\u0131zl\u0131 \u015fekilde hizmet vermeye haz\u0131r\u0131z.<\/p>\n<p style=\"text-align: center;\"><span style=\"color: #666666;\">\u00a0<\/span><\/p>\n<p>[\/vc_column_text]<\/div><\/div><\/div><\/div><\/div><\/div><\/a>[\/vc_column][\/vc_row][vc_row][vc_column offset=&#8221;vc_col-md-4&#8243;]<div class=\"cz_gap clr \" style=\"height: 30px\"><\/div><a class=\"cz_content_box_link\" href=\"https:\/\/greenoceancargo.com\/tr\/havayolu-tasimaciligi\/\" target=\"_blank\"><div class=\"cz_eqh cz_content_box_parent_fx  \"><div class=\"fx_zoom_0_hover\"><div id=\"cz_19171\" class=\"cz_19171 cz_content_box clr cz_split_box_top\"><div class=\"cz_split_box\"><img decoding=\"async\" src=\"data:image\/svg+xml,%3Csvg%20xmlns%3D&#39;http%3A%2F%2Fwww.w3.org%2F2000%2Fsvg&#39;%20width=&#39;_w_&#39;%20height=&#39;_h_&#39;%20viewBox%3D&#39;0%200%20_w_%20_h_&#39;%2F%3E\" data-czlz data-src=\"https:\/\/greenoceancargo.com\/wp-content\/uploads\/2024\/06\/air-banner.jpg\" alt=\"#\" \/><\/div><div class=\"cz_box_front clr\"><div class=\"cz_box_front_inner clr \"><span><\/span><div><div id=\"cz_79246\" class=\"cz_79246 cz_title clr cz_title_pos_inline tac\"><div class=\"cz_title_content\"><div class=\"cz_wpe_content\"><h3 style=\"text-align: center;\"><span style=\"font-size: 30px;\"><span style=\"color: #48877b;\">04.<\/span> Havayolu Ta\u015f\u0131mac\u0131l\u0131\u011f\u0131<\/span><\/h3>\n<\/div><\/div><\/div><div class=\"cz_gap clr \" style=\"height: 30px\"><\/div>[vc_column_text css=&#8221;&#8221;]<\/p>\n<p style=\"text-align: center;\">Green Ocean&#8217;da \u00f6zenle se\u00e7ilmi\u015f ta\u015f\u0131y\u0131c\u0131larla \u00e7al\u0131\u015fmaktay\u0131z , d\u00fcnyan\u0131n t\u00fcm ana rotalar\u0131nda tarifelerle \u00e7al\u0131\u015f\u0131yoruz, b\u00f6ylece kesin olarak plan yapabilir ve daha verimli olabilirsiniz.<\/p>\n<p style=\"text-align: center;\"><span style=\"color: #666666;\">\u00a0<\/span><\/p>\n<p>[\/vc_column_text]<\/div><\/div><\/div><\/div><\/div><\/div><\/a>[\/vc_column][vc_column offset=&#8221;vc_col-md-4&#8243;]<div class=\"cz_gap clr \" style=\"height: 30px\"><\/div><a class=\"cz_content_box_link\" href=\"https:\/\/greenoceancargo.com\/tr\/proje-ve-agir-yuk-tasimaciligi\/\"><div class=\"cz_eqh cz_content_box_parent_fx  \"><div class=\"fx_zoom_0_hover\"><div id=\"cz_97260\" class=\"cz_97260 cz_content_box clr cz_split_box_top\"><div class=\"cz_split_box\"><img decoding=\"async\" src=\"data:image\/svg+xml,%3Csvg%20xmlns%3D&#39;http%3A%2F%2Fwww.w3.org%2F2000%2Fsvg&#39;%20width=&#39;_w_&#39;%20height=&#39;_h_&#39;%20viewBox%3D&#39;0%200%20_w_%20_h_&#39;%2F%3E\" data-czlz data-src=\"https:\/\/greenoceancargo.com\/wp-content\/uploads\/2024\/06\/18779781_401.jpg\" alt=\"#\" \/><\/div><div class=\"cz_box_front clr\"><div class=\"cz_box_front_inner clr \"><span><\/span><div><div id=\"cz_57834\" class=\"cz_57834 cz_title clr cz_title_pos_inline tac\"><div class=\"cz_title_content\"><div class=\"cz_wpe_content\"><h3 style=\"text-align: center;\"><span style=\"font-size: 30px;\"><span style=\"color: #48877b;\">05.<\/span> Proje ve a\u011f\u0131r y\u00fck ta\u015f\u0131mac\u0131l\u0131\u011f\u0131<\/span><\/h3>\n<\/div><\/div><\/div><div class=\"cz_gap clr \" style=\"height: 30px\"><\/div>[vc_column_text css=&#8221;&#8221;]<\/p>\n<p style=\"text-align: center;\">Proje kapsam\u0131nda olan standart d\u0131\u015f\u0131 y\u00fcklerin zaman\u0131nda ve hasars\u0131z bir \u015fekilde ula\u015fmas\u0131 gereken lokasyona ta\u015f\u0131nmas\u0131na proje y\u00fck ta\u015f\u0131mac\u0131l\u0131\u011f\u0131 denir. Bu hizmette farkl\u0131 ebat ve hacimlerdeki y\u00fckler , ambalajlanarak \u00f6zel ara\u00e7 ve ekipmanlar kullan\u0131larak ta\u015f\u0131n\u0131r.<\/p>\n<p style=\"text-align: center;\">Buradaki en \u00f6nemli kavram zamand\u0131r.<\/p>\n<p style=\"text-align: center;\"><span style=\"color: #666666;\">\u00a0<\/span><\/p>\n<p>[\/vc_column_text]<\/div><\/div><\/div><\/div><\/div><\/div><\/a>[\/vc_column][vc_column offset=&#8221;vc_col-md-4&#8243;]<div class=\"cz_gap clr \" style=\"height: 30px\"><\/div>[\/vc_column][\/vc_row][vc_row][vc_column]<div class=\"cz_gap clr \" style=\"height: 120px\"><\/div>[\/vc_column][\/vc_row][vc_row full_width=&#8221;stretch_row_content_no_spaces&#8221; css=&#8221;.vc_custom_1586533761037{background-color: #212121 !important;}&#8221;][vc_column]<div id=\"cz_99870\" class=\"cz-particles\"><div class=\"row clr\"><div class=\"cz_gap clr \" style=\"height: 50px\"><\/div><div id=\"cz_110749\" class=\"cz_110749 cz_title clr cz_smart_fs cz_title_pos_inline tac\"><div class=\"cz_title_content\"><span class=\"cz_line_side_solo\">_<\/span><div class=\"cz_wpe_content\"><div class=\"cmsmasters_text\">\n<h3 style=\"text-align: center;\"><span style=\"font-size: 38px; color: #ffffff;\">Sadece M\u00fc\u015fteri Odakl\u0131 Kargo <span style=\"color: #48877b;\">\u00e7\u00f6z\u00fcmleri sunuyoruz<\/span><\/span><\/h3>\n<\/div>\n<\/div><span class=\"cz_line_side_solo cz_line_side_after\">_<\/span><\/div><\/div>[vc_row_inner][vc_column_inner width=&#8221;1\/6&#8243;][\/vc_column_inner][vc_column_inner width=&#8221;2\/3&#8243;]<div id=\"cz_68128\" class=\"cz_68128 cz_title clr cz_title_pos_inline tac\"><div class=\"cz_title_content\"><div class=\"cz_wpe_content\"><p style=\"text-align: center;\"><span style=\"font-size: 18px; color: #dddddd;\">Kargo Hizmetlerinin k\u00fcresel profesyonel a\u011f\u0131, \u00e7evrimi\u00e7i teknoloji sistemleri ve uzmanl\u0131\u011f\u0131, her g\u00fcn, \u00f6zellikle m\u00fc\u015fterilerin tedarik zinciri y\u00f6netimi gereksinimlerini kar\u015f\u0131lamak amac\u0131yla okyanus, hava ve kara nakliye \u00e7\u00f6z\u00fcmleri tasarlamak i\u00e7in kullan\u0131lmaktad\u0131r.<\/span><\/p>\n<\/div><\/div><\/div><div class=\"cz_btn_center\"><div class=\"cz_57829_p\"><a id=\"cz_57829\" class=\"cz_57829 cz_btn cz_btn_txt_move_up cz_btn_zoom_in cz_btn_icon_after\" href=\"#\"><span><strong>Bug\u00fcn Bize Ula\u015f\u0131n<\/strong><i class=\"fa czico-112-location\"><\/i><\/span><b class=\"cz_btn_onhover\"><strong>Excellent Choice<\/strong><i class=\"fa czico-112-location\"><\/i><\/b><\/a><\/div><\/div>[\/vc_column_inner][vc_column_inner width=&#8221;1\/6&#8243;][\/vc_column_inner][\/vc_row_inner]<div class=\"cz_gap clr  hide_on_mobile\" style=\"height: 130px\"><\/div><div class=\"cz_gap show_on_mobile clr\" style=\"height: 75px\"><\/div><\/div><\/div>\n<script>\n\n\t! function( $ ) {\n\n\t\tsetTimeout(function() {\n\t\t\tif ( typeof particlesJS != \"undefined\" ) {\n\n\t\t\t\tparticlesJS(\"cz_99870\", {\n\t\t\t\t  \"particles\": {\n\t\t\t\t    \"number\": {\n\t\t\t\t      \"value\": 100\n\t\t\t\t    },\n\t\t\t\t    \"color\": {\n\t\t\t\t      \"value\": \"#48877b\"\n\t\t\t\t    },\n\t\t\t\t    \"shape\": {\n\t\t\t\t      \"type\": \"circle\",\n\t\t\t\t    },\n\t\t\t\t    \"line_linked\": {\n\t\t\t\t      \"enable\": true,\n\t\t\t\t      \"distance\": 150,\n\t\t\t\t      \"color\": \"#a7a7a7\",\n\t\t\t\t      \"opacity\": 0.4,\n\t\t\t\t      \"width\": 1\n\t\t\t\t    },\n\t\t\t\t    \"opacity\": {\n\t\t\t\t      \"value\": 0.5,\n\t\t\t\t      \"random\": true,\n\t\t\t\t      \"anim\": {\n\t\t\t\t        \"enable\": false,\n\t\t\t\t        \"speed\": 1,\n\t\t\t\t        \"opacity_min\": 0.1,\n\t\t\t\t        \"sync\": false\n\t\t\t\t      }\n\t\t\t\t    },\n\t\t\t\t    \"size\": {\n\t\t\t\t      \"value\": 5,\n\t\t\t\t      \"random\": true,\n\t\t\t\t      \"anim\": {\n\t\t\t\t        \"enable\": false,\n\t\t\t\t        \"speed\": 40,\n\t\t\t\t        \"size_min\": 0.1,\n\t\t\t\t        \"sync\": false\n\t\t\t\t      }\n\t\t\t\t    },\n\t\t\t\t    \"move\": {\n\t\t\t\t      \"enable\": true,\n\t\t\t\t      \"speed\": 6,\n\t\t\t\t      \"direction\": \"none\",\n\t\t\t\t      \"random\": false,\n\t\t\t\t      \"straight\": false,\n\t\t\t\t      \"out_mode\": \"out\",\n\t\t\t\t      \"bounce\": false,\n\t\t\t\t      \"attract\": {\n\t\t\t\t        \"enable\": false,\n\t\t\t\t        \"rotateX\": 600,\n\t\t\t\t        \"rotateY\": 1200\n\t\t\t\t      }\n\t\t\t\t    }\n\t\t\t\t  },\n\t\t\t\t  \"interactivity\": {\n\t\t\t\t    \"detect_on\": \"canvas\",\n\t\t\t\t    \"events\": {\n\t\t\t\t      \"onhover\": {\n\t\t\t\t        \"enable\": true,\n\t\t\t\t        \"mode\": \"grab\"\n\t\t\t\t      },\n\t\t\t\t      \"onclick\": {\n\t\t\t\t        \"enable\": true,\n\t\t\t\t        \"mode\": \"push\"\n\t\t\t\t      },\n\t\t\t\t      \"resize\": true\n\t\t\t\t    },\n\t\t\t\t    \"modes\": {\n\t\t\t\t      \"grab\": {\n\t\t\t\t        \"distance\": 100,\n\t\t\t\t        \"line_linked\": {\n\t\t\t\t          \"opacity\": 1\n\t\t\t\t        }\n\t\t\t\t      },\n\t\t\t\t      \"bubble\": {\n\t\t\t\t        \"distance\": 400,\n\t\t\t\t        \"size\": 40,\n\t\t\t\t        \"duration\": 2,\n\t\t\t\t        \"opacity\": 8,\n\t\t\t\t        \"speed\": 3\n\t\t\t\t      },\n\t\t\t\t      \"repulse\": {\n\t\t\t\t        \"distance\": 200,\n\t\t\t\t        \"duration\": 0.4\n\t\t\t\t      },\n\t\t\t\t      \"push\": {\n\t\t\t\t        \"particles_nb\": 4\n\t\t\t\t      },\n\t\t\t\t      \"remove\": {\n\t\t\t\t        \"particles_nb\": 2\n\t\t\t\t      }\n\t\t\t\t    }\n\t\t\t\t  },\n\t\t\t\t  \"retina_detect\": true\n\t\t\t\t});\n\t\t\t}\n\t\t}, 2000 );\n\n\t}( jQuery )\n\n<\/script>[\/vc_column][\/vc_row]<\/p>\n<\/div>","protected":false},"excerpt":{"rendered":"<p>[vc_row][vc_column width=&#8221;1\/6&#8243;][\/vc_column][vc_column width=&#8221;2\/3&#8243;][\/vc_column][vc_column width=&#8221;1\/6&#8243;][\/vc_column][\/vc_row][vc_row][vc_column offset=&#8221;vc_col-md-4&#8243;][\/vc_column][vc_column offset=&#8221;vc_col-md-4&#8243;][\/vc_column][vc_column offset=&#8221;vc_col-md-4&#8243;][\/vc_column][\/vc_row][vc_row][vc_column offset=&#8221;vc_col-md-4&#8243;][\/vc_column][vc_column offset=&#8221;vc_col-md-4&#8243;][\/vc_column][vc_column offset=&#8221;vc_col-md-4&#8243;][\/vc_column][\/vc_row][vc_row][vc_column][\/vc_column][\/vc_row][vc_row full_width=&#8221;stretch_row_content_no_spaces&#8221; &#8230; <\/p>\n","protected":false},"author":2,"featured_media":0,"parent":0,"menu_order":0,"comment_status":"closed","ping_status":"closed","template":"","meta":{"footnotes":""},"class_list":["post-1457","page","type-page","status-publish","hentry"],"_links":{"self":[{"href":"https:\/\/greenoceancargo.com\/tr\/wp-json\/wp\/v2\/pages\/1457","targetHints":{"allow":["GET"]}}],"collection":[{"href":"https:\/\/greenoceancargo.com\/tr\/wp-json\/wp\/v2\/pages"}],"about":[{"href":"https:\/\/greenoceancargo.com\/tr\/wp-json\/wp\/v2\/types\/page"}],"author":[{"embeddable":true,"href":"https:\/\/greenoceancargo.com\/tr\/wp-json\/wp\/v2\/users\/2"}],"replies":[{"embeddable":true,"href":"https:\/\/greenoceancargo.com\/tr\/wp-json\/wp\/v2\/comments?post=1457"}],"version-history":[{"count":14,"href":"https:\/\/greenoceancargo.com\/tr\/wp-json\/wp\/v2\/pages\/1457\/revisions"}],"predecessor-version":[{"id":1602,"href":"https:\/\/greenoceancargo.com\/tr\/wp-json\/wp\/v2\/pages\/1457\/revisions\/1602"}],"wp:attachment":[{"href":"https:\/\/greenoceancargo.com\/tr\/wp-json\/wp\/v2\/media?parent=1457"}],"curies":[{"name":"wp","href":"https:\/\/api.w.org\/{rel}","templated":true}]}}